{"id":103,"date":"2025-11-06T08:48:34","date_gmt":"2025-11-06T07:48:34","guid":{"rendered":"https:\/\/n.kia.prz.edu.pl\/?page_id=103"},"modified":"2025-12-16T11:07:10","modified_gmt":"2025-12-16T10:07:10","slug":"wspolpraca","status":"publish","type":"page","link":"https:\/\/kia.prz.edu.pl\/en\/strona-glowna\/wspolpraca\/","title":{"rendered":"Wsp\u00f3\u0142praca"},"content":{"rendered":"<div data-elementor-type=\"wp-page\" data-elementor-id=\"103\" class=\"elementor elementor-103\">\n\t\t\t\t<div class=\"elementor-element elementor-element-86c07a8 e-flex e-con-boxed e-con e-parent\" data-id=\"86c07a8\" data-element_type=\"container\">\n\t\t\t\t\t<div class=\"e-con-inner\">\n\t\t\t\t<div class=\"elementor-element elementor-element-95cdf8e elementor-widget elementor-widget-heading\" data-id=\"95cdf8e\" data-element_type=\"widget\" data-widget_type=\"heading.default\">\n\t\t\t\t\t<h2 class=\"elementor-heading-title elementor-size-default\">WSP\u00d3\u0141PRACA<\/h2>\t\t\t\t<\/div>\n\t\t\t\t\t<\/div>\n\t\t\t\t<\/div>\n\t\t<div class=\"elementor-element elementor-element-ae32b51 e-flex e-con-boxed e-con e-parent\" data-id=\"ae32b51\" data-element_type=\"container\">\n\t\t\t\t\t<div class=\"e-con-inner\">\n\t\t<div class=\"elementor-element elementor-element-b3a249b e-con-full e-flex e-con e-child\" data-id=\"b3a249b\" data-element_type=\"container\">\n\t\t\t\t<div class=\"elementor-element elementor-element-a1b0802 elementor-widget elementor-widget-text-editor\" data-id=\"a1b0802\" data-element_type=\"widget\" data-widget_type=\"text-editor.default\">\n\t\t\t\t\t\t\t\t\t<p>Katedra prowadzi sta\u0142\u0105 wsp\u00f3\u0142prac\u0119 z przemys\u0142em specjalizuj\u0105c si\u0119 w <strong>mikrokomputerowych urz\u0105dzeniach automatyki, rozproszonych systemach sterowania, systemach informatycznych dla ma\u0142ych bank\u00f3w, wizualizacji i sterowania niedu\u017cych obiekt\u00f3w oraz system\u00f3w dla energetyki, nadzorowania i sterowania produkcj\u0105.<\/strong> Partnerem jest od ponad 20 lat\u00a0<strong><em>Zak\u0142ad Produkcji Do\u015bwiadczalnej Automatyki<\/em>\u00a0w Ostrowie Wlkp.<\/strong>, produkuj\u0105cy sterowniki programowalne na licencji Politechniki Rzeszowskiej. Za opracowany wsp\u00f3lnie z ZPDA rozproszony system sterowania PSW\/WWT\u2013CAN Katedra uzyska\u0142a w 2000 r. nominacj\u0119 w konkursie\u00a0<em>Polski Produkt Przysz\u0142o\u015bci.<\/em>\u00a0Sterowniki na licencji Politechniki produkowa\u0142 r\u00f3wnie\u017c\u00a0<strong><em>ELMONT<\/em>\u00a0Bia\u0142a Podlaska.<\/strong> Powa\u017cnymi wdro\u017ceniami by\u0142y systemy sterowania naolejaniem siarki (<strong><em>SIARKOPOL<\/em>\u00a0\u2013 Grzyb\u00f3w<\/strong>) oraz badania mocy cieplnej grzejnik\u00f3w (<strong><em>Instytut Techniki Grzewczej i Sanitarnej<\/em>\u00a0\u2013 Radom<\/strong>). Opracowany w Katedrze pakiet in\u017cynierski CPDev stanowi pierwsze polskie \u015brodowisko do programowania sterownik\u00f3w przemys\u0142owych w j\u0119zykach normy PN-EN 61131-3. CPDev wdro\u017cono m.in. w systemach produkowanych przez\u00a0<strong><em>Lubuskie Zak\u0142ady Aparat\u00f3w Elektrycznych Lumel S.A.<\/em>\u00a0(Zielona G\u00f3ra),\u00a0<em>Praxis Automation Technology B.V.<\/em>\u00a0(Leiderdorp, Holandia) oraz<em>\u00a0Nauka i Technika Sp. z o.o.<\/em>\u00a0(Rzesz\u00f3w)<\/strong>. Nadzorowano wdro\u017cenie system\u00f3w informatycznych w kilku bankach sp\u00f3\u0142dzielczych na terenie wojew\u00f3dztwa podkarpackiego. Ze sfer\u0105 bankow\u0105 zwi\u0105zane s\u0105 prace dla\u00a0<strong><em>PKO BP<\/em>\u00a0i\u00a0<em>Softbank Service<\/em><\/strong>. Od szeregu lat trwa wsp\u00f3\u0142praca z firm\u0105\u00a0<strong><em>OpTeam<\/em><\/strong>. Prace zwi\u0105zane z projektowaniem i wdra\u017caniem nowych system\u00f3w sterowania, monitorowania i wizualizacji prowadzono wraz z firmami\u00a0<strong><em>Nauka i Technika<\/em>,\u00a0<em>Termo-Elterm<\/em>,\u00a0<em>ELAutomatyka<\/em>,\u00a0<em>Maryland<\/em>,\u00a0<em>Bernacki Industrial Services<\/em>,\u00a0<em>WSK &#8222;PZL-Rzesz\u00f3w&#8221; S.A.<\/em><em>\u00a0<\/em>\u00a0oraz dla\u00a0<em>Gawe\u0142 Zak\u0142ad Produkcji \u015arub S.A.<\/em>\u00a0w \u0141a\u0144cucie.<\/strong> Analizy system\u00f3w sterowania dla energetyki przeprowadzono dla\u00a0<strong><em>Elektrociep\u0142owni<\/em>\u00a0\u017bera\u0144 i Rzesz\u00f3w oraz firmy\u00a0<em>Metso Automation<\/em>\u00a0\u2013 Gliwice. Z firm\u0105\u00a0<em>Eurotech<\/em>\u00a0z Mielca<\/strong> prowadzone s\u0105 prace zwi\u0105zane z analiz\u0105 obraz\u00f3w a z<strong>\u00a0<em>Podkarpackim Stowarzyszeniem G\u0142uchych<\/em>\u00a0i S<\/strong><em><strong>towarzyszeniem na Rzecz Dzieci z Dysfunkcjami Rozwojowymi Bruno<\/strong>\u00a0<\/em>prace w zakresie budowy narz\u0119dzi informatycznych wspomagaj\u0105cych osoby niepe\u0142nosprawne.<\/p><p>Od szeregu lat Katedra zabiega o pozyskiwanie temat\u00f3w prac dyplomowych z lokalnych przedsi\u0119biorstw i firm komputerowych. Opiek\u0119 merytoryczn\u0105 nad dyplomantami sprawuj\u0105 in\u017cynierowie zg\u0142aszaj\u0105cy tematy, kt\u00f3re zwykle dotycz\u0105 pojawiaj\u0105cych si\u0119 w tych przedsi\u0119biorstwach cz\u0105stkowych problem\u00f3w innowacyjnych i rozwojowych. Tak widziane prace dyplomowe mieszcz\u0105 si\u0119 w programie <strong>podkarpackiej Regionalnej Strategii Innowacji<\/strong> stanowi\u0105c jedn\u0105 z form wsp\u00f3\u0142pracy uczelni wy\u017cszej ze sfer\u0105 gospodarki. Do firm, kt\u00f3re regularnie zg\u0142aszaj\u0105 do Katedry tematy prac dyplomowych nale\u017c\u0105: <strong><em>Elektrociep\u0142ownia<\/em>\u00a0Rzesz\u00f3w,\u00a0<em>ZAPEL<\/em>\u00a0Boguchwa\u0142a,\u00a0<em>Transsystem<\/em>\u00a0\u0141a\u0144cut,\u00a0<em>EL Automatyka<\/em>\u00a0Rzesz\u00f3w,\u00a0<em>MPWiK<\/em>\u00a0Rzesz\u00f3w,\u00a0<em>Nauka i Technika<\/em>\u00a0Rzesz\u00f3w,\u00a0<em>Gawe\u0142 Zak\u0142ad Produkcji \u015arub S.A.<\/em>\u00a0Palik\u00f3wka,\u00a0<em>Bernacki Industrial Services<\/em>,\u00a0<em>\u017bbik Sp. z o.o.<\/em>,\u00a0\u00a0<em>SoftSystem<\/em>\u00a0Rzesz\u00f3w,\u00a0<em>COMP<\/em>\u00a0Rzesz\u00f3w,\u00a0<em>OpTeam<\/em>\u00a0Rzesz\u00f3w.<\/strong><\/p><p>Katedra utrzymuje sta\u0142e kontakty z czo\u0142owymi uczelniami krajowymi, kt\u00f3rych g\u0142\u00f3wnym celem jest uzyskanie przez pracownik\u00f3w stopni naukowych z zakresu informatyki i automatyki. Niemal wszystkie stopnie pracownicy uzyskali w <strong>AGH, Politechnice \u015al\u0105skiej, Wroc\u0142awskiej, Warszawskiej i Gda\u0144skiej, Instytucie Bada\u0144 Systemowych PAN, Uniwersytecie Zielonog\u00f3rskim<\/strong>. Najwi\u0119cej zawdzi\u0119czamy <strong>Katedrze Automatyki i Biocybernetyki oraz Katedrze Informatyki AGH<\/strong>. W wymienionych uczelniach samodzielni pracownicy Katedry recenzowali doktoraty, habilitacje i wnioski profesorskie.<\/p><p>Znacz\u0105cym impulsem w rozwoju Katedry by\u0142o uczestnictwo w latach <strong>1993\u201399<\/strong> w dwu programach <strong>TEMPUS<\/strong>. Przyczyni\u0142y si\u0119 one do wzmocnienia aparaturowego, zmodernizowa\u0142y dydaktyk\u0119, otworzy\u0142y nowe obszary badawcze przed asystentami. Jeden z nich uzyska\u0142 doktorat w <strong>FernUniversitat Hagen (Niemcy)<\/strong>. D\u0142ugie sta\u017ce naukowe pracownicy Katedry odbywali w nast\u0119puj\u0105cych krajach: <strong>Niemcy (6), USA, Kanada, Wlk. Brytania, Francja i Dania (po 1)<\/strong>. Obecnie Katedra wsp\u00f3\u0142pracuje z holendersk\u0105 firm\u0105\u00a0<strong><em>Praxis Automation Technology B.V.<\/em><\/strong>\u00a0w zakresie budowy oprogramowania wykorzystywanego w systemach sterowania statkami.<br \/>Pracownicy Katedry corocznie prowadz\u0105 wyk\u0142ady dla student\u00f3w zagranicznych przebywaj\u0105cych w Politechnice Rzeszowskiej w ramach programu <strong>Erasmus<\/strong>. Przedstawiaj\u0105 te\u017c wyk\u0142ady za granic\u0105, ostatnie w uniwersytetach w <strong>Stavanger, Lizbonie, Porto, Florencji<\/strong> oraz wyst\u0119puj\u0105 jako recenzenci prac doktorskich (ostatnio w uniwersytecie w <strong>Barcelonie, Madrycie, Stavanger<\/strong>).<\/p>\t\t\t\t\t\t\t\t<\/div>\n\t\t\t\t<\/div>\n\t\t\t\t\t<\/div>\n\t\t\t\t<\/div>\n\t\t\t\t<\/div>","protected":false},"excerpt":{"rendered":"<p>WSP\u00d3\u0141PRACA Katedra prowadzi sta\u0142\u0105 wsp\u00f3\u0142prac\u0119 z przemys\u0142em specjalizuj\u0105c si\u0119 w mikrokomputerowych urz\u0105dzeniach automatyki, rozproszonych systemach sterowania, systemach informatycznych dla ma\u0142ych bank\u00f3w, wizualizacji i sterowania niedu\u017cych obiekt\u00f3w oraz system\u00f3w dla energetyki, nadzorowania i sterowania produkcj\u0105. Partnerem jest od ponad 20 lat\u00a0Zak\u0142ad Produkcji Do\u015bwiadczalnej Automatyki\u00a0w Ostrowie Wlkp., produkuj\u0105cy sterowniki programowalne na licencji Politechniki Rzeszowskiej. Za opracowany wsp\u00f3lnie [&hellip;]<\/p>","protected":false},"author":1,"featured_media":0,"parent":6,"menu_order":0,"comment_status":"closed","ping_status":"closed","template":"","meta":{"site-sidebar-layout":"no-sidebar","site-content-layout":"","ast-site-content-layout":"full-width-container","site-content-style":"default","site-sidebar-style":"default","ast-global-header-display":"","ast-banner-title-visibility":"","ast-main-header-display":"","ast-hfb-above-header-display":"","ast-hfb-below-header-display":"","ast-hfb-mobile-header-display":"","site-post-title":"disabled","ast-breadcrumbs-content":"","ast-featured-img":"disabled","footer-sml-layout":"","ast-disable-related-posts":"","theme-transparent-header-meta":"","adv-header-id-meta":"","stick-header-meta":"","header-above-stick-meta":"","header-main-stick-meta":"","header-below-stick-meta":"","astra-migrate-meta-layouts":"default","ast-page-background-enabled":"default","ast-page-background-meta":{"desktop":{"background-color":"var(--ast-global-color-5)","background-image":"","background-repeat":"repeat","background-position":"center center","background-size":"auto","background-attachment":"scroll","background-type":"","background-media":"","overlay-type":"","overlay-color":"","overlay-opacity":"","overlay-gradient":""},"tablet":{"background-color":"","background-image":"","background-repeat":"repeat","background-position":"center center","background-size":"auto","background-attachment":"scroll","background-type":"","background-media":"","overlay-type":"","overlay-color":"","overlay-opacity":"","overlay-gradient":""},"mobile":{"background-color":"","background-image":"","background-repeat":"repeat","background-position":"center center","background-size":"auto","background-attachment":"scroll","background-type":"","background-media":"","overlay-type":"","overlay-color":"","overlay-opacity":"","overlay-gradient":""}},"ast-content-background-meta":{"desktop":{"background-color":"var(--ast-global-color-4)","background-image":"","background-repeat":"repeat","background-position":"center center","background-size":"auto","background-attachment":"scroll","background-type":"","background-media":"","overlay-type":"","overlay-color":"","overlay-opacity":"","overlay-gradient":""},"tablet":{"background-color":"var(--ast-global-color-4)","background-image":"","background-repeat":"repeat","background-position":"center center","background-size":"auto","background-attachment":"scroll","background-type":"","background-media":"","overlay-type":"","overlay-color":"","overlay-opacity":"","overlay-gradient":""},"mobile":{"background-color":"var(--ast-global-color-4)","background-image":"","background-repeat":"repeat","background-position":"center center","background-size":"auto","background-attachment":"scroll","background-type":"","background-media":"","overlay-type":"","overlay-color":"","overlay-opacity":"","overlay-gradient":""}},"footnotes":""},"class_list":["post-103","page","type-page","status-publish","hentry"],"rttpg_featured_image_url":null,"rttpg_author":{"display_name":"kia@goldenwebs.pl","author_link":"https:\/\/kia.prz.edu.pl\/en\/author\/kiagoldenwebs-pl\/"},"rttpg_comment":0,"rttpg_category":null,"rttpg_excerpt":"WSP\u00d3\u0141PRACA Katedra prowadzi sta\u0142\u0105 wsp\u00f3\u0142prac\u0119 z przemys\u0142em specjalizuj\u0105c si\u0119 w mikrokomputerowych urz\u0105dzeniach automatyki, rozproszonych systemach sterowania, systemach informatycznych dla ma\u0142ych bank\u00f3w, wizualizacji i sterowania niedu\u017cych obiekt\u00f3w oraz system\u00f3w dla energetyki, nadzorowania i sterowania produkcj\u0105. Partnerem jest od ponad 20 lat\u00a0Zak\u0142ad Produkcji Do\u015bwiadczalnej Automatyki\u00a0w Ostrowie Wlkp., produkuj\u0105cy sterowniki programowalne na licencji Politechniki Rzeszowskiej. Za opracowany wsp\u00f3lnie&hellip;","_links":{"self":[{"href":"https:\/\/kia.prz.edu.pl\/en\/wp-json\/wp\/v2\/pages\/103","targetHints":{"allow":["GET"]}}],"collection":[{"href":"https:\/\/kia.prz.edu.pl\/en\/wp-json\/wp\/v2\/pages"}],"about":[{"href":"https:\/\/kia.prz.edu.pl\/en\/wp-json\/wp\/v2\/types\/page"}],"author":[{"embeddable":true,"href":"https:\/\/kia.prz.edu.pl\/en\/wp-json\/wp\/v2\/users\/1"}],"replies":[{"embeddable":true,"href":"https:\/\/kia.prz.edu.pl\/en\/wp-json\/wp\/v2\/comments?post=103"}],"version-history":[{"count":44,"href":"https:\/\/kia.prz.edu.pl\/en\/wp-json\/wp\/v2\/pages\/103\/revisions"}],"predecessor-version":[{"id":1670,"href":"https:\/\/kia.prz.edu.pl\/en\/wp-json\/wp\/v2\/pages\/103\/revisions\/1670"}],"up":[{"embeddable":true,"href":"https:\/\/kia.prz.edu.pl\/en\/wp-json\/wp\/v2\/pages\/6"}],"wp:attachment":[{"href":"https:\/\/kia.prz.edu.pl\/en\/wp-json\/wp\/v2\/media?parent=103"}],"curies":[{"name":"wp","href":"https:\/\/api.w.org\/{rel}","templated":true}]}}