{"id":105,"date":"2025-11-06T08:49:01","date_gmt":"2025-11-06T07:49:01","guid":{"rendered":"https:\/\/n.kia.prz.edu.pl\/?page_id=105"},"modified":"2025-12-16T11:09:04","modified_gmt":"2025-12-16T10:09:04","slug":"media-o-nas","status":"publish","type":"page","link":"https:\/\/kia.prz.edu.pl\/en\/strona-glowna\/media-o-nas\/","title":{"rendered":"Media o nas"},"content":{"rendered":"<div data-elementor-type=\"wp-page\" data-elementor-id=\"105\" class=\"elementor elementor-105\">\n\t\t\t\t<div class=\"elementor-element elementor-element-6c0ee30 e-flex e-con-boxed e-con e-parent\" data-id=\"6c0ee30\" data-element_type=\"container\">\n\t\t\t\t\t<div class=\"e-con-inner\">\n\t\t\t\t<div class=\"elementor-element elementor-element-9bc6a8a elementor-widget elementor-widget-heading\" data-id=\"9bc6a8a\" data-element_type=\"widget\" data-widget_type=\"heading.default\">\n\t\t\t\t\t<h2 class=\"elementor-heading-title elementor-size-default\">MEDIA O NAS<\/h2>\t\t\t\t<\/div>\n\t\t\t\t\t<\/div>\n\t\t\t\t<\/div>\n\t\t<div class=\"elementor-element elementor-element-7281c7f e-flex e-con-boxed e-con e-parent\" data-id=\"7281c7f\" data-element_type=\"container\">\n\t\t\t\t\t<div class=\"e-con-inner\">\n\t\t<div class=\"elementor-element elementor-element-1c8198e e-con-full e-flex e-con e-child\" data-id=\"1c8198e\" data-element_type=\"container\">\n\t\t\t\t<div class=\"elementor-element elementor-element-72d062c elementor-widget elementor-widget-text-editor\" data-id=\"72d062c\" data-element_type=\"widget\" data-widget_type=\"text-editor.default\">\n\t\t\t\t\t\t\t\t\t<h5>Nowiny24, Czy AI mo\u017ce mie\u0107 wi\u0119cej empatii ni\u017c cz\u0142owiek? W programie &#8222;Schody&#8221;, 20.03.2025,\u00a0<a href=\"https:\/\/nowiny24.pl\/czy-ai-moze-miec-wiecej-empatii-niz-czlowiek-w-programie-schody-rozmowa-z-dr-tomaszem-zabinskim-z-politechniki-rzeszowskiej-wideo\/ar\/c1p2-27385211\">LINK<\/a><\/h5><h5>Polskie Radio Rzesz\u00f3w:\u00a0W cyfrowym \u015bwiecie 2025, Dost\u0119pno\u015b\u0107 cyfrowa, 25.02.2025,\u00a0<a href=\"https:\/\/radio.rzeszow.pl\/187077\/cykl-audycji-w-cyfrowym-swiecie-2025\/\">LINK<\/a><\/h5><h5>Polskie Radio Rzesz\u00f3w:\u00a0W cyfrowym \u015bwiecie, Dost\u0119pno\u015b\u0107 cyfrowa, 6.11.2024,\u00a0<a title=\"W cyfrowym \u015bwiecie\" href=\"https:\/\/radio.rzeszow.pl\/147125\/cykl-audycji-w-cyfrowym-swiecie-2\/\" target=\"_blank\" rel=\"noopener\">LINK<\/a><\/h5><h5>Polskie Radio Rzesz\u00f3w:\u00a0W cyfrowym \u015bwiecie, Kobiety i ICT, 30.10.2024,\u00a0<a title=\"W cyfrowym \u015bwiecie\" href=\"https:\/\/radio.rzeszow.pl\/147125\/cykl-audycji-w-cyfrowym-swiecie-2\/\" target=\"_blank\" rel=\"noopener\">LINK<\/a><\/h5><h5>Polskie Radio Rzesz\u00f3w: Automatyczna metoda okre\u015blania jako\u015bci obraz\u00f3w rezonansu magnetycznego, 31.03.2022,\u00a0<a title=\"Automatyczna metoda do oceny MRI\" href=\"https:\/\/radio.rzeszow.pl\/audycje\/automatyczna-metoda-okreslania-jakosci-obrazow-rezonansu-magnetycznego\" target=\"_blank\" rel=\"noopener\">LINK<\/a><\/h5><h5>Nauka w Polsce: Naukowcy opracowali program do mierzenia jako\u015bci obraz\u00f3w rezonansu magnetycznego, 23.03.2022,\u00a0<a title=\"Nowiny\" href=\"https:\/\/naukawpolsce.pl\/aktualnosci\/news%2C91758%2Crzeszow-naukowcy-opracowali-program-do-mierzenia-jakosci-obrazow-rezonansu\" target=\"_blank\" rel=\"noopener\">LINK<\/a><\/h5><h5>nowiny24.pl: Na Politechnice Rzeszowskiej opracowano automatyczn\u0105 metod\u0119 do okre\u015blania jako\u015bci obraz\u00f3w rezonansu magnetycznego, 23.03.2022,\u00a0<a title=\"Nowiny\" href=\"https:\/\/nowiny24.pl\/na-politechnice-rzeszowskiej-opracowano-automatyczna-metode-do-okreslania-jakosci-obrazow-rezonansu-magnetycznego\/ar\/c14-16112063\" target=\"_blank\" rel=\"noopener\">LINK<\/a><\/h5><h5>Forum Akademickie:Program komputerowy z PRz pomo\u017ce technikom radiologom, 22.03.2022,\u00a0<a title=\"Forum Akademickie\" href=\"https:\/\/forumakademickie.pl\/badania\/program-komputerowy-z-prz-pomoze-technikom-radiologom\/\" target=\"_blank\" rel=\"noopener\">LINK<\/a><\/h5><h5>gospodarkapodkarpacka.pl: Tym razem osiem ofert na zaprojektowanie nowego budynku \u201eD\u201d Politechniki Rzeszowskiej 28.01.2022,\u00a0<a title=\"gospodarkaPodkarpacka\" href=\"http:\/\/gospodarkapodkarpacka.pl\/news\/view\/49512\/tym-razem-osiem-ofert-na-zaprojektowanie-nowego-budynku-d-politechniki-rzeszowskiej\" target=\"_blank\" rel=\"noopener\">LINK<\/a><\/h5><h5>biznesistyl.pl: Algorytmy zmieni\u0105 nasz \u015bwiat. Nauka i biznes 11.10.2021,\u00a0<a title=\"biznesistyl\" href=\"https:\/\/biznesistyl.pl\/ludzie\/wywiady\/13330_.html\" target=\"_blank\" rel=\"noopener\">LINK<\/a><\/h5><h5>Indeks.TV, Rzeszowski Magazyn Akademicki: System Komunikacji Migowej &#8211; SyKoMi\u00a0 20.02.2019 (audycja archiwalna)<\/h5><h5>Dziennik Gazeta Prawna: J\u0119zyk migowy zrozumia\u0142y dla ka\u017cdego. Dzi\u0119ki SyKoMi [Eureka! DGP], 18.01.2019,\u00a0<a title=\"Dziennik Gazeta Prawna\" href=\"https:\/\/www.gazetaprawna.pl\/artykuly\/1392986,eureka-dgp-sykomi-tlumaczy-migowy.html\" target=\"_blank\" rel=\"noopener\">LINK<\/a><\/h5><h5>TVP3: Spotkania w \u015bwiecie ciszy, 01.12.2018 (audycja archiwalna)<\/h5><h5>Indeks.TV, Rzeszowski Magazyn Akademicki: Ko\u0142o Naukowe ROBO, 21.06.2018 (audycja archiwalna)<\/h5><h5>Polskie Radio Rzesz\u00f3w: Zapis danych &#8211; od hieroglif\u00f3w po dyski Google, 18.04.2018,\u00a0<a title=\"Zapis danych - od hieroglif\u00f3w po dyski Google\" href=\"https:\/\/www.radio.rzeszow.pl\/audycje\/11296\/zapis-danych-od-hieroglifow-po-dy\">LINK<\/a><\/h5><h5>Polskie Radio Rzesz\u00f3w: Aplikacja z PRz w presti\u017cowym konkursie Focusa, 10.01.2018,\u00a0<a title=\"BlinkMouse\" href=\"https:\/\/www.radio.rzeszow.pl\/audycje\/8782\/aplikacja-z-prz-w-prestizowym-konk\">LINK<\/a><\/h5><h5>IBM:\u00a0 12 lat IBM w Politechnice Rzeszowskiej, 14.07.2017,\u00a0<a title=\"12 lat IBM\" href=\"https:\/\/www.ibm.com\/blogs\/ibm-poland\/12_lat_ibmz_w_politechnice_rzeszowskiej\/\" target=\"_blank\" rel=\"noopener\">LINK<\/a><\/h5><h5>computerworld.pl:\u00a0 Wydajny serwer dla Linuksa, 2017,\u00a0<a title=\"Wydajny serwer\" href=\"https:\/\/www.computerworld.pl\/news\/Wydajny-serwer-dla-Linuksa,402769,2.html\" target=\"_blank\" rel=\"noopener\">LINK<\/a><\/h5><h5>Panorama: Aplikacja dla niepe\u0142nosprawnych, 06.03.2017 10.45 (audycja archiwalna)<\/h5><h5>PAN Academia, Nauka online: Okno na \u015bwiat dla sparali\u017cowanych, 02.03.2017 (audycja archiwalna)<\/h5><h5>Niepelnosprawni.pl: BlinkMouse \u2013 aplikacja zast\u0119puj\u0105ca mysz komputerow\u0105, 02.03.2017 (audycja archiwalna)<\/h5><h5>Razem z Tob\u0105: Aplikacja BlinkMouse \u2013 umo\u017cliwi sparali\u017cowanym pe\u0142n\u0105 obs\u0142ug\u0119 komputera, 02.03.2017 (audycja archiwalna)<\/h5><h5>PAP Nauka w Polsce: BlinkMouse &#8211; aplikacja zast\u0119puj\u0105ca sparali\u017cowanym mysz komputerow\u0105, 02.03.2017\u00a0<a title=\"BlinkMouse\" href=\"http:\/\/naukawpolsce.pap.pl\/aktualnosci\/news,413309,blinkmouse---aplikacja-zastepujaca-sparalizowanym-mysz-komputerowa.html\" target=\"_blank\" rel=\"noopener\">LINK<\/a><\/h5><h5>Stuff PL: BlinkMouse &#8211; aplikacja zast\u0119puj\u0105ca mysz komputerow\u0105, 02.03.2017 (audycja archiwalna)<\/h5><h5>TVP3 Rzesz\u00f3w: BlinkMouse &#8211; aplikacja dla ca\u0142kowicie niesprawnych ruchowo, 02.03.2017\u00a0 (audycja archiwalna)<\/h5><h5>Nasz Dziennik: Mrugni\u0119cie okiem zast\u0119puje mysz komputerow\u0105, 25.02.2017\u00a0<a title=\"BlinkMouse\" href=\"http:\/\/www.naszdziennik.pl\/polska-kraj\/177061,mrugniecie-okiem-zastepuje-mysz-komputerowa.html\" target=\"_blank\" rel=\"noopener\">LINK<\/a><\/h5><h5>RESinet: Pracownik Politechniki stworzy\u0142 aplikacj\u0119 zast\u0119puj\u0105ca mysz komputerow\u0105. Udogodnienie dla niepe\u0142nosprawnych, 24.02.2017\u00a0<a title=\"BlinkMouse\" href=\"http:\/\/www.resinet.pl\/aktualnosci\/rzeszow\/pracownik-politechniki-stworzyl-aplikacje-zastepujaca-mysz-komputerowa-udogodnienie-dla-niepelnosprawnych.html\" target=\"_blank\" rel=\"noopener\">LINK<\/a><\/h5><h5>GospodarkaPodkarpacka.pl: BlinkMouse \u2013 aplikacja dla os\u00f3b niepe\u0142nosprawnych ruchowo, 23.03.2017\u00a0<a title=\"BlinkMouse\" href=\"http:\/\/gospodarkapodkarpacka.pl\/news\/view\/19650\/blinkmouse-aplikacja-dla-osob-niepelnosprawnych-ruchowo\" target=\"_blank\" rel=\"noopener\">LINK<\/a><\/h5><h5>e-Mielec24: BlinkMouse \u2013 aplikacja dla os\u00f3b niepe\u0142nosprawnych ruchowo, 23.02.2017 (audycja archiwalna)<\/h5><h5>Radio ESKA: Rzesz\u00f3w &#8211; nies\u0142ysz\u0105cy za\u0142atwi\u0105 sprawy w UM bez t\u0142umacza, 10.02.2017 (audycja archiwalna)<\/h5><h5>MPPL Otolaryngologia: Rzesz\u00f3w &#8211; nies\u0142ysz\u0105cy za\u0142atwi\u0105 sprawy w UM bez t\u0142umacza, 10.02.2017\u00a0<a title=\"System Komunikacji Migowej\" href=\"http:\/\/www.mp.pl\/otolaryngologia\/aktualnosci\/158587,rzeszow-nieslyszacy-zalatwia-sprawy-w-um-bez-tlumacza\" target=\"_blank\" rel=\"noopener\">LINK<\/a><\/h5><h5>Onet: Rzesz\u00f3w &#8211; nies\u0142ysz\u0105cy za\u0142atwi\u0105 sprawy w UM bez t\u0142umacza, 9.02.2017\u00a0<a title=\"System Komunikacji Migowej\" href=\"http:\/\/rzeszow.onet.pl\/rzeszow-nieslyszacy-zalatwia-sprawy-w-um-bez-tlumacza\/6drvldf\" target=\"_blank\" rel=\"noopener\">LINK<\/a><\/h5><h5>RynekZdrowia.pl: Rzesz\u00f3w: nies\u0142ysz\u0105cy za\u0142atwi\u0105 sprawy w magistracie bez t\u0142umacza, 9.02.2017\u00a0<a title=\"System Komunikacji Migowej\" href=\"http:\/\/www.rynekzdrowia.pl\/Po-godzinach\/Rzeszow-nieslyszacy-zalatwia-sprawy-w-magistracie-bez-tlumacza,170045,10.html\" target=\"_blank\" rel=\"noopener\">LINK<\/a><\/h5><h5>Radio VIA, Urz\u0105d przyjazny dla os\u00f3b g\u0142uchych, 9.02.2017 (audycja archiwalna)<\/h5><h5>Polskie Radio Rzesz\u00f3w, &#8222;Tango&#8221; pomo\u017ce w za\u0142atwieniu spraw,\u00a0 9.02.2017 (audycja archiwalna)<\/h5><h5>Portal Samorz\u0105dowy,\u00a0 Unikalne oprogramowanie dla nies\u0142ysz\u0105cych w UM w Rzeszowie,\u00a0 9.02.2017\u00a0<a title=\"System Komunikacji Migowej\" href=\"http:\/\/www.portalsamorzadowy.pl\/podkarpackie\/polityka-i-spoleczenstwo\/unikalne-oprogramowanie-dla-nieslyszacych-w-um-w-rzeszowie,89912.html\" target=\"_blank\" rel=\"noopener\">LINK<\/a><\/h5><h5>Niepelnosprawni.pl, Rzesz\u00f3w: osoby nies\u0142ysz\u0105ce za\u0142atwi\u0105 sprawy w UM bez t\u0142umacza,\u00a0 9.02.2017 (audycja archiwalna)<\/h5><h5>TVP, Teleexpress: T\u0142umacz migania, 23.05.2016 (audycja archiwalna)<\/h5><h5>TVP3 Rzesz\u00f3w: Czytnik J\u0119zyka Migowego &#8211; patent rzeszowskich naukowc\u00f3w, 19.05.2016 (audycja archiwalna)<\/h5><h5>Polskie Radio S.A. &#8222;Jedynka&#8221;: Dodatkowe mo\u017cliwo\u015bci dla student\u00f3w z Politechniki Rzeszowskiej, 25.04.2015\u00a0<a title=\"Dodatkowe mo\u017cliwo\u015bci dla student\u00f3w z Politechniki Rzeszowskiej\" href=\"http:\/\/www.polskieradio.pl\/7\/3172\/Artykul\/1429162,Dodatkowe-mozliwosci-dla-studentow-z-Politechniki-Rzeszowskiej\" target=\"_blank\" rel=\"noopener\">LINK<\/a><\/h5><h5>Polskie Radio S.A. &#8222;Jedynka&#8221;: &#8222;Zosta\u0144 dobrym in\u017cynierem&#8221; na Politechnice Rzeszowskiej, 25.04.2015\u00a0<a title=\"Zosta\u0144 dobrym inzynierem na Politechnice Rzeszowskiej\" href=\"http:\/\/www.polskieradio.pl\/7\/15\/Artykul\/1429104,Zostan-dobrym-inzynierem-na-Politechnice-Rzeszowskiej\" target=\"_blank\" rel=\"noopener\">LINK<\/a><\/h5><h5>Polskie Radio Rzesz\u00f3w, audycja\u00a0Nowe Technologie: 20.06.2016, 09.03.2015, 23.03.2015, 20.04.2015 (audycje archiwalne)<\/h5>\t\t\t\t\t\t\t\t<\/div>\n\t\t\t\t<\/div>\n\t\t\t\t\t<\/div>\n\t\t\t\t<\/div>\n\t\t\t\t<\/div>","protected":false},"excerpt":{"rendered":"<p>MEDIA O NAS Nowiny24, Czy AI mo\u017ce mie\u0107 wi\u0119cej empatii ni\u017c cz\u0142owiek? W programie &#8222;Schody&#8221;, 20.03.2025,\u00a0LINK Polskie Radio Rzesz\u00f3w:\u00a0W cyfrowym \u015bwiecie 2025, Dost\u0119pno\u015b\u0107 cyfrowa, 25.02.2025,\u00a0LINK Polskie Radio Rzesz\u00f3w:\u00a0W cyfrowym \u015bwiecie, Dost\u0119pno\u015b\u0107 cyfrowa, 6.11.2024,\u00a0LINK Polskie Radio Rzesz\u00f3w:\u00a0W cyfrowym \u015bwiecie, Kobiety i ICT, 30.10.2024,\u00a0LINK Polskie Radio Rzesz\u00f3w: Automatyczna metoda okre\u015blania jako\u015bci obraz\u00f3w rezonansu magnetycznego, 31.03.2022,\u00a0LINK Nauka w [&hellip;]<\/p>","protected":false},"author":1,"featured_media":0,"parent":6,"menu_order":0,"comment_status":"closed","ping_status":"closed","template":"","meta":{"site-sidebar-layout":"no-sidebar","site-content-layout":"","ast-site-content-layout":"full-width-container","site-content-style":"default","site-sidebar-style":"default","ast-global-header-display":"","ast-banner-title-visibility":"","ast-main-header-display":"","ast-hfb-above-header-display":"","ast-hfb-below-header-display":"","ast-hfb-mobile-header-display":"","site-post-title":"disabled","ast-breadcrumbs-content":"","ast-featured-img":"disabled","footer-sml-layout":"","ast-disable-related-posts":"","theme-transparent-header-meta":"","adv-header-id-meta":"","stick-header-meta":"","header-above-stick-meta":"","header-main-stick-meta":"","header-below-stick-meta":"","astra-migrate-meta-layouts":"default","ast-page-background-enabled":"default","ast-page-background-meta":{"desktop":{"background-color":"var(--ast-global-color-5)","background-image":"","background-repeat":"repeat","background-position":"center center","background-size":"auto","background-attachment":"scroll","background-type":"","background-media":"","overlay-type":"","overlay-color":"","overlay-opacity":"","overlay-gradient":""},"tablet":{"background-color":"","background-image":"","background-repeat":"repeat","background-position":"center center","background-size":"auto","background-attachment":"scroll","background-type":"","background-media":"","overlay-type":"","overlay-color":"","overlay-opacity":"","overlay-gradient":""},"mobile":{"background-color":"","background-image":"","background-repeat":"repeat","background-position":"center center","background-size":"auto","background-attachment":"scroll","background-type":"","background-media":"","overlay-type":"","overlay-color":"","overlay-opacity":"","overlay-gradient":""}},"ast-content-background-meta":{"desktop":{"background-color":"var(--ast-global-color-4)","background-image":"","background-repeat":"repeat","background-position":"center center","background-size":"auto","background-attachment":"scroll","background-type":"","background-media":"","overlay-type":"","overlay-color":"","overlay-opacity":"","overlay-gradient":""},"tablet":{"background-color":"var(--ast-global-color-4)","background-image":"","background-repeat":"repeat","background-position":"center center","background-size":"auto","background-attachment":"scroll","background-type":"","background-media":"","overlay-type":"","overlay-color":"","overlay-opacity":"","overlay-gradient":""},"mobile":{"background-color":"var(--ast-global-color-4)","background-image":"","background-repeat":"repeat","background-position":"center center","background-size":"auto","background-attachment":"scroll","background-type":"","background-media":"","overlay-type":"","overlay-color":"","overlay-opacity":"","overlay-gradient":""}},"footnotes":""},"class_list":["post-105","page","type-page","status-publish","hentry"],"rttpg_featured_image_url":null,"rttpg_author":{"display_name":"kia@goldenwebs.pl","author_link":"https:\/\/kia.prz.edu.pl\/en\/author\/kiagoldenwebs-pl\/"},"rttpg_comment":0,"rttpg_category":null,"rttpg_excerpt":"MEDIA O NAS Nowiny24, Czy AI mo\u017ce mie\u0107 wi\u0119cej empatii ni\u017c cz\u0142owiek? W programie &#8222;Schody&#8221;, 20.03.2025,\u00a0LINK Polskie Radio Rzesz\u00f3w:\u00a0W cyfrowym \u015bwiecie 2025, Dost\u0119pno\u015b\u0107 cyfrowa, 25.02.2025,\u00a0LINK Polskie Radio Rzesz\u00f3w:\u00a0W cyfrowym \u015bwiecie, Dost\u0119pno\u015b\u0107 cyfrowa, 6.11.2024,\u00a0LINK Polskie Radio Rzesz\u00f3w:\u00a0W cyfrowym \u015bwiecie, Kobiety i ICT, 30.10.2024,\u00a0LINK Polskie Radio Rzesz\u00f3w: Automatyczna metoda okre\u015blania jako\u015bci obraz\u00f3w rezonansu magnetycznego, 31.03.2022,\u00a0LINK Nauka w&hellip;","_links":{"self":[{"href":"https:\/\/kia.prz.edu.pl\/en\/wp-json\/wp\/v2\/pages\/105","targetHints":{"allow":["GET"]}}],"collection":[{"href":"https:\/\/kia.prz.edu.pl\/en\/wp-json\/wp\/v2\/pages"}],"about":[{"href":"https:\/\/kia.prz.edu.pl\/en\/wp-json\/wp\/v2\/types\/page"}],"author":[{"embeddable":true,"href":"https:\/\/kia.prz.edu.pl\/en\/wp-json\/wp\/v2\/users\/1"}],"replies":[{"embeddable":true,"href":"https:\/\/kia.prz.edu.pl\/en\/wp-json\/wp\/v2\/comments?post=105"}],"version-history":[{"count":26,"href":"https:\/\/kia.prz.edu.pl\/en\/wp-json\/wp\/v2\/pages\/105\/revisions"}],"predecessor-version":[{"id":1676,"href":"https:\/\/kia.prz.edu.pl\/en\/wp-json\/wp\/v2\/pages\/105\/revisions\/1676"}],"up":[{"embeddable":true,"href":"https:\/\/kia.prz.edu.pl\/en\/wp-json\/wp\/v2\/pages\/6"}],"wp:attachment":[{"href":"https:\/\/kia.prz.edu.pl\/en\/wp-json\/wp\/v2\/media?parent=105"}],"curies":[{"name":"wp","href":"https:\/\/api.w.org\/{rel}","templated":true}]}}