{"id":120,"date":"2025-11-06T09:07:27","date_gmt":"2025-11-06T08:07:27","guid":{"rendered":"https:\/\/n.kia.prz.edu.pl\/?page_id=120"},"modified":"2025-12-03T13:21:00","modified_gmt":"2025-12-03T12:21:00","slug":"badania","status":"publish","type":"page","link":"https:\/\/kia.prz.edu.pl\/en\/badania\/","title":{"rendered":"Research"},"content":{"rendered":"<div data-elementor-type=\"wp-page\" data-elementor-id=\"120\" class=\"elementor elementor-120\">\n\t\t\t\t<div class=\"elementor-element elementor-element-0870721 e-flex e-con-boxed e-con e-parent\" data-id=\"0870721\" data-element_type=\"container\">\n\t\t\t\t\t<div class=\"e-con-inner\">\n\t\t\t\t<div class=\"elementor-element elementor-element-3aa4574 elementor-widget elementor-widget-heading\" data-id=\"3aa4574\" data-element_type=\"widget\" data-widget_type=\"heading.default\">\n\t\t\t\t\t<h2 class=\"elementor-heading-title elementor-size-default\">Research<\/h2>\t\t\t\t<\/div>\n\t\t\t\t\t<\/div>\n\t\t\t\t<\/div>\n\t\t<div class=\"elementor-element elementor-element-0cb5729 e-flex e-con-boxed e-con e-parent\" data-id=\"0cb5729\" data-element_type=\"container\">\n\t\t\t\t\t<div class=\"e-con-inner\">\n\t\t<div class=\"elementor-element elementor-element-176e610 e-con-full e-flex e-con e-child\" data-id=\"176e610\" data-element_type=\"container\">\n\t\t\t\t<div class=\"elementor-element elementor-element-af7ec73 elementor-widget elementor-widget-text-editor\" data-id=\"af7ec73\" data-element_type=\"widget\" data-widget_type=\"text-editor.default\">\n\t\t\t\t\t\t\t\t\t<ul><li>Intelligent computer systems. Multimedia systems.  Computer graphics, computer vision, systems supporting human-computer interaction, information technologies and tools for disabled. Pattern recognition and image processing.<\/li><\/ul><ul><li>Expert systems and artificial intelligence. Fuzzy systems. Neural networks. Intelligent data processing and decision support systems: application optimization tools and agent-based techniques.<\/li><\/ul><ul><li>Development of advanced systems for management of large data sets. Distributed applications, use of Linux operating system, Grid and cloud computing.  Efficiency in distributed systems.<\/li><\/ul><ul><li>Software engineering, use of Petri nets. Software engineering methods for construction of real-time systems, verification of software correctness.<\/li><\/ul><ul><li>Design and programming of specialized microcontrollers and distributed control systems, software and methods for remote tuning of industrial controllers over the Internet, microprocessor systems, communication security in distributed control systems, problems of building automation. Probabilistic timed automata in modeling of reactive systems. Technical diagnosis.<\/li><\/ul><ul><li>The use of information technologies for production, monitoring, supervision and control.<\/li><\/ul><ul><li>Design and construction of mechatronic systems.<\/li><\/ul>\t\t\t\t\t\t\t\t<\/div>\n\t\t\t\t<\/div>\n\t\t\t\t\t<\/div>\n\t\t\t\t<\/div>\n\t\t<div class=\"elementor-element elementor-element-5e18f8f e-flex e-con-boxed e-con e-parent\" data-id=\"5e18f8f\" data-element_type=\"container\">\n\t\t\t\t\t<div class=\"e-con-inner\">\n\t\t\t\t\t<\/div>\n\t\t\t\t<\/div>\n\t\t\t\t<\/div>","protected":false},"excerpt":{"rendered":"<p>Badania Inteligentne systemy komputerowe. Systemy multimedialne. Wizja komputerowa i systemy wspomagaj\u0105ce interakcj\u0119 cz\u0142owiek-komputer, zastosowanie grafiki komputerowej. Zastosowania technologii informatycznych w urz\u0105dzeniach i uk\u0142adach dla os\u00f3b niepe\u0142nosprawnych. Przetwarzanie i rozpoznawanie obraz\u00f3w. Systemy eksperckie i sztuczna inteligencja. Systemy rozmyte. Sieci neuronowe. Inteligentne systemy przetwarzania danych i wspomagania decyzji: zastosowanie programowych narz\u0119dzi optymalizacji i technik agentowych. Rozw\u00f3j zaawansowanych [&hellip;]<\/p>","protected":false},"author":1,"featured_media":0,"parent":0,"menu_order":0,"comment_status":"closed","ping_status":"closed","template":"","meta":{"site-sidebar-layout":"no-sidebar","site-content-layout":"","ast-site-content-layout":"full-width-container","site-content-style":"default","site-sidebar-style":"default","ast-global-header-display":"","ast-banner-title-visibility":"","ast-main-header-display":"","ast-hfb-above-header-display":"","ast-hfb-below-header-display":"","ast-hfb-mobile-header-display":"","site-post-title":"disabled","ast-breadcrumbs-content":"","ast-featured-img":"disabled","footer-sml-layout":"","ast-disable-related-posts":"","theme-transparent-header-meta":"","adv-header-id-meta":"","stick-header-meta":"","header-above-stick-meta":"","header-main-stick-meta":"","header-below-stick-meta":"","astra-migrate-meta-layouts":"default","ast-page-background-enabled":"default","ast-page-background-meta":{"desktop":{"background-color":"var(--ast-global-color-5)","background-image":"","background-repeat":"repeat","background-position":"center center","background-size":"auto","background-attachment":"scroll","background-type":"","background-media":"","overlay-type":"","overlay-color":"","overlay-opacity":"","overlay-gradient":""},"tablet":{"background-color":"","background-image":"","background-repeat":"repeat","background-position":"center center","background-size":"auto","background-attachment":"scroll","background-type":"","background-media":"","overlay-type":"","overlay-color":"","overlay-opacity":"","overlay-gradient":""},"mobile":{"background-color":"","background-image":"","background-repeat":"repeat","background-position":"center center","background-size":"auto","background-attachment":"scroll","background-type":"","background-media":"","overlay-type":"","overlay-color":"","overlay-opacity":"","overlay-gradient":""}},"ast-content-background-meta":{"desktop":{"background-color":"var(--ast-global-color-4)","background-image":"","background-repeat":"repeat","background-position":"center center","background-size":"auto","background-attachment":"scroll","background-type":"","background-media":"","overlay-type":"","overlay-color":"","overlay-opacity":"","overlay-gradient":""},"tablet":{"background-color":"var(--ast-global-color-4)","background-image":"","background-repeat":"repeat","background-position":"center center","background-size":"auto","background-attachment":"scroll","background-type":"","background-media":"","overlay-type":"","overlay-color":"","overlay-opacity":"","overlay-gradient":""},"mobile":{"background-color":"var(--ast-global-color-4)","background-image":"","background-repeat":"repeat","background-position":"center center","background-size":"auto","background-attachment":"scroll","background-type":"","background-media":"","overlay-type":"","overlay-color":"","overlay-opacity":"","overlay-gradient":""}},"footnotes":""},"class_list":["post-120","page","type-page","status-publish","hentry"],"rttpg_featured_image_url":null,"rttpg_author":{"display_name":"kia@goldenwebs.pl","author_link":"https:\/\/kia.prz.edu.pl\/en\/author\/kiagoldenwebs-pl\/"},"rttpg_comment":0,"rttpg_category":null,"rttpg_excerpt":"Badania Inteligentne systemy komputerowe. Systemy multimedialne. Wizja komputerowa i systemy wspomagaj\u0105ce interakcj\u0119 cz\u0142owiek-komputer, zastosowanie grafiki komputerowej. Zastosowania technologii informatycznych w urz\u0105dzeniach i uk\u0142adach dla os\u00f3b niepe\u0142nosprawnych. Przetwarzanie i rozpoznawanie obraz\u00f3w. Systemy eksperckie i sztuczna inteligencja. Systemy rozmyte. Sieci neuronowe. Inteligentne systemy przetwarzania danych i wspomagania decyzji: zastosowanie programowych narz\u0119dzi optymalizacji i technik agentowych. Rozw\u00f3j zaawansowanych&hellip;","_links":{"self":[{"href":"https:\/\/kia.prz.edu.pl\/en\/wp-json\/wp\/v2\/pages\/120","targetHints":{"allow":["GET"]}}],"collection":[{"href":"https:\/\/kia.prz.edu.pl\/en\/wp-json\/wp\/v2\/pages"}],"about":[{"href":"https:\/\/kia.prz.edu.pl\/en\/wp-json\/wp\/v2\/types\/page"}],"author":[{"embeddable":true,"href":"https:\/\/kia.prz.edu.pl\/en\/wp-json\/wp\/v2\/users\/1"}],"replies":[{"embeddable":true,"href":"https:\/\/kia.prz.edu.pl\/en\/wp-json\/wp\/v2\/comments?post=120"}],"version-history":[{"count":35,"href":"https:\/\/kia.prz.edu.pl\/en\/wp-json\/wp\/v2\/pages\/120\/revisions"}],"predecessor-version":[{"id":1399,"href":"https:\/\/kia.prz.edu.pl\/en\/wp-json\/wp\/v2\/pages\/120\/revisions\/1399"}],"wp:attachment":[{"href":"https:\/\/kia.prz.edu.pl\/en\/wp-json\/wp\/v2\/media?parent=120"}],"curies":[{"name":"wp","href":"https:\/\/api.w.org\/{rel}","templated":true}]}}