{"id":123,"date":"2025-11-06T09:12:05","date_gmt":"2025-11-06T08:12:05","guid":{"rendered":"https:\/\/n.kia.prz.edu.pl\/?page_id=123"},"modified":"2026-01-29T17:10:03","modified_gmt":"2026-01-29T16:10:03","slug":"specjalnosci","status":"publish","type":"page","link":"https:\/\/kia.prz.edu.pl\/en\/specjalnosci\/","title":{"rendered":"Specializations"},"content":{"rendered":"<div data-elementor-type=\"wp-page\" data-elementor-id=\"123\" class=\"elementor elementor-123\">\n\t\t\t\t<div class=\"elementor-element elementor-element-cf25508 e-flex e-con-boxed e-con e-parent\" data-id=\"cf25508\" data-element_type=\"container\">\n\t\t\t\t\t<div class=\"e-con-inner\">\n\t\t\t\t<div class=\"elementor-element elementor-element-eb7a09f elementor-widget elementor-widget-heading\" data-id=\"eb7a09f\" data-element_type=\"widget\" data-widget_type=\"heading.default\">\n\t\t\t\t\t<h2 class=\"elementor-heading-title elementor-size-default\">Specializations<\/h2>\t\t\t\t<\/div>\n\t\t\t\t\t<\/div>\n\t\t\t\t<\/div>\n\t\t<div class=\"elementor-element elementor-element-21ca3bb e-flex e-con-boxed e-con e-parent\" data-id=\"21ca3bb\" data-element_type=\"container\">\n\t\t\t\t\t<div class=\"e-con-inner\">\n\t\t<div class=\"elementor-element elementor-element-edbcf1f e-con-full e-flex e-con e-child\" data-id=\"edbcf1f\" data-element_type=\"container\">\n\t\t<div class=\"elementor-element elementor-element-2a34741 e-con-full e-flex e-con e-child\" data-id=\"2a34741\" data-element_type=\"container\" id=\"sztuczna-inteligencja\" data-settings=\"{&quot;background_background&quot;:&quot;classic&quot;}\">\n\t\t<div class=\"elementor-element elementor-element-1dfe899 e-con-full e-flex e-con e-child\" data-id=\"1dfe899\" data-element_type=\"container\">\n\t\t\t\t<div class=\"elementor-element elementor-element-a2c7ae8 elementor-widget elementor-widget-image\" data-id=\"a2c7ae8\" data-element_type=\"widget\" data-widget_type=\"image.default\">\n\t\t\t\t\t\t\t\t\t\t\t\t\t\t\t<img fetchpriority=\"high\" decoding=\"async\" width=\"1024\" height=\"768\" src=\"https:\/\/kia.prz.edu.pl\/wp-content\/uploads\/2025\/12\/artificial-intelligence-8345163_1280-1024x768.jpg\" class=\"attachment-large size-large wp-image-1709\" alt=\"\" srcset=\"https:\/\/kia.prz.edu.pl\/wp-content\/uploads\/2025\/12\/artificial-intelligence-8345163_1280-1024x768.jpg 1024w, https:\/\/kia.prz.edu.pl\/wp-content\/uploads\/2025\/12\/artificial-intelligence-8345163_1280-300x225.jpg 300w, https:\/\/kia.prz.edu.pl\/wp-content\/uploads\/2025\/12\/artificial-intelligence-8345163_1280-768x576.jpg 768w, https:\/\/kia.prz.edu.pl\/wp-content\/uploads\/2025\/12\/artificial-intelligence-8345163_1280-16x12.jpg 16w, https:\/\/kia.prz.edu.pl\/wp-content\/uploads\/2025\/12\/artificial-intelligence-8345163_1280.jpg 1280w\" sizes=\"(max-width: 1024px) 100vw, 1024px\" \/>\t\t\t\t\t\t\t\t\t\t\t\t\t\t\t<\/div>\n\t\t\t\t<\/div>\n\t\t<div class=\"elementor-element elementor-element-c3c464b e-con-full e-flex e-con e-child\" data-id=\"c3c464b\" data-element_type=\"container\">\n\t\t\t\t<div class=\"elementor-element elementor-element-9d722e4 elementor-widget elementor-widget-heading\" data-id=\"9d722e4\" data-element_type=\"widget\" data-widget_type=\"heading.default\">\n\t\t\t\t\t<h2 class=\"elementor-heading-title elementor-size-default\">Artificial Intelligence (Field of Study: Computer Science)<\/h2>\t\t\t\t<\/div>\n\t\t\t\t<div class=\"elementor-element elementor-element-d5b7ae6 elementor-widget-divider--view-line elementor-widget elementor-widget-divider\" data-id=\"d5b7ae6\" data-element_type=\"widget\" data-widget_type=\"divider.default\">\n\t\t\t\t\t\t\t<div class=\"elementor-divider\">\n\t\t\t<span class=\"elementor-divider-separator\">\n\t\t\t\t\t\t<\/span>\n\t\t<\/div>\n\t\t\t\t\t\t<\/div>\n\t\t\t\t<div class=\"elementor-element elementor-element-b275dd1 elementor-widget elementor-widget-text-editor\" data-id=\"b275dd1\" data-element_type=\"widget\" data-widget_type=\"text-editor.default\">\n\t\t\t\t\t\t\t\t\t<p><strong>The Artificial Intelligence specialization is intended for Computer Science students,<\/strong> who wish to deepen their knowledge and skills related to modern AI technologies. The study program includes a wide range of courses, such as\u2026 <strong>advanced programming techniques, data analysis methods, machine learning, and reinforcement learning.<\/strong> Students also explore the applications of <strong>AI in video games,<\/strong> computer graphics and cloud systems, which form the teleinformatics backbone of AI. During their studies, they will acquire skills in designing <strong>interpretable decision-making systems, as well as recurrent neural networks and transformers.<\/strong><\/p><p>Przedmioty takie jak <strong>prompt engineering<\/strong> oraz <strong>wizja komputerowa<\/strong> pozwol\u0105 studentom na praktyczne zastosowanie wiedzy teoretycznej, a seminaria dyplomowe <strong>przygotuj\u0105 ich do samodzielnej pracy naukowej i zawodowej.<\/strong> Absolwenci tej specjalno\u015bci s\u0105 przygotowani do pracy w <strong>r\u00f3\u017cnych sektorach gospodarki<\/strong>, takich jak przemys\u0142 technologiczny, sektor finansowy, opieka zdrowotna, przemys\u0142 produkcyjny oraz firmy informatyczne i dziedziny zwi\u0105zane z analiz\u0105 danych, gdzie <strong>zaawansowane technologie AI s\u0105 coraz bardziej po\u017c\u0105dane.<\/strong><\/p>\t\t\t\t\t\t\t\t<\/div>\n\t\t\t\t<\/div>\n\t\t\t\t<\/div>\n\t\t<div class=\"elementor-element elementor-element-d5fb74e e-con-full e-flex e-con e-child\" data-id=\"d5fb74e\" data-element_type=\"container\" id=\"inzynieria-systemow-informatycznych\" data-settings=\"{&quot;shape_divider_top&quot;:&quot;arrow&quot;}\">\n\t\t\t\t<div class=\"elementor-shape elementor-shape-top\" aria-hidden=\"true\" data-negative=\"false\">\n\t\t\t<svg xmlns=\"http:\/\/www.w3.org\/2000\/svg\" viewbox=\"0 0 700 10\" preserveaspectratio=\"none\">\n\t<path class=\"elementor-shape-fill\" d=\"M350,10L340,0h20L350,10z\"\/>\n<\/svg>\t\t<\/div>\n\t\t<div class=\"elementor-element elementor-element-e3041b7 e-con-full e-flex e-con e-child\" data-id=\"e3041b7\" data-element_type=\"container\">\n\t\t\t\t<div class=\"elementor-element elementor-element-a581432 elementor-widget elementor-widget-image\" data-id=\"a581432\" data-element_type=\"widget\" data-widget_type=\"image.default\">\n\t\t\t\t\t\t\t\t\t\t\t\t\t\t\t<img decoding=\"async\" width=\"1024\" height=\"722\" src=\"https:\/\/kia.prz.edu.pl\/wp-content\/uploads\/2025\/12\/monitor-1307227_1280-1024x722.jpg\" class=\"attachment-large size-large wp-image-1746\" alt=\"\" srcset=\"https:\/\/kia.prz.edu.pl\/wp-content\/uploads\/2025\/12\/monitor-1307227_1280-1024x722.jpg 1024w, https:\/\/kia.prz.edu.pl\/wp-content\/uploads\/2025\/12\/monitor-1307227_1280-300x212.jpg 300w, https:\/\/kia.prz.edu.pl\/wp-content\/uploads\/2025\/12\/monitor-1307227_1280-768x542.jpg 768w, https:\/\/kia.prz.edu.pl\/wp-content\/uploads\/2025\/12\/monitor-1307227_1280-18x12.jpg 18w, https:\/\/kia.prz.edu.pl\/wp-content\/uploads\/2025\/12\/monitor-1307227_1280.jpg 1280w\" sizes=\"(max-width: 1024px) 100vw, 1024px\" \/>\t\t\t\t\t\t\t\t\t\t\t\t\t\t\t<\/div>\n\t\t\t\t<\/div>\n\t\t<div class=\"elementor-element elementor-element-3fcc44f e-con-full e-flex e-con e-child\" data-id=\"3fcc44f\" data-element_type=\"container\">\n\t\t\t\t<div class=\"elementor-element elementor-element-1276351 elementor-widget elementor-widget-heading\" data-id=\"1276351\" data-element_type=\"widget\" data-widget_type=\"heading.default\">\n\t\t\t\t\t<h2 class=\"elementor-heading-title elementor-size-default\">Information Systems Engineering <br>(Field of Study: Computer Science)<\/h2>\t\t\t\t<\/div>\n\t\t\t\t<div class=\"elementor-element elementor-element-9f87af6 elementor-widget-divider--view-line elementor-widget elementor-widget-divider\" data-id=\"9f87af6\" data-element_type=\"widget\" data-widget_type=\"divider.default\">\n\t\t\t\t\t\t\t<div class=\"elementor-divider\">\n\t\t\t<span class=\"elementor-divider-separator\">\n\t\t\t\t\t\t<\/span>\n\t\t<\/div>\n\t\t\t\t\t\t<\/div>\n\t\t\t\t<div class=\"elementor-element elementor-element-9752f43 elementor-widget elementor-widget-text-editor\" data-id=\"9752f43\" data-element_type=\"widget\" data-widget_type=\"text-editor.default\">\n\t\t\t\t\t\t\t\t\t<p><strong>Specjalno\u015b\u0107 in\u017cynieria system\u00f3w informatycznych<\/strong> jest adresowana do student\u00f3w informatyki, kt\u00f3rych interesuj\u0105 zar\u00f3wno og\u00f3lne zagadnienia informatyki, jak i <strong>konkretne umiej\u0119tno\u015bci praktyczne w zakresie in\u017cynierii oprogramowania.<\/strong> Studenci poznaj\u0105 a<strong>rchitektur\u0119 i zasady konstrukcji nowoczesnych komputer\u00f3w, wielozadaniowe systemy operacyjne, projektowanie sieci komputerowych, systemy i aplikacje bazodanowe.<\/strong> Nabywaj\u0105 do\u015bwiadczenia w zakresie j\u0119zyk\u00f3w programowania obiektowego <strong>C++, Java, C#,<\/strong> tworzenia r\u00f3wnoleg\u0142ych i rozproszonych aplikacji internetowych, grafiki, wizji i inteligencji komputerowej oraz interakcji cz\u0142owiek-komputer.<\/p><p><strong> Poznaj\u0105 problematyk\u0119 in\u017cynierii system\u00f3w, zarz\u0105dzanie przedsi\u0119wzi\u0119ciami informatycznymi umo\u017cliwiaj\u0105cymi prac\u0119 zespo\u0142ow\u0105, bezpiecze\u0144stwo system\u00f3w informatycznych oraz obowi\u0105zuj\u0105ce zasady prawne i etyczne.<\/strong> Dodatkow\u0105 wiedz\u0119 i umiej\u0119tno\u015bci mog\u0105 zdoby\u0107 w zakresie metod wytwarzania oprogramowania oraz <strong>nowych technologii programistycznych.<\/strong> Absolwenci tej specjalno\u015bci <strong>znajduj\u0105 zatrudnienie praktycznie we wszystkich dziedzinach gospodarki,<\/strong> administracji i zarz\u0105dzania, w firmach komputerowych zajmuj\u0105cych si\u0119 zar\u00f3wno oprogramowaniem, jak i sprz\u0119tem, w klinikach i szpitalach <strong>(sieci i bazy danych)<\/strong> oraz szkolnictwie.<\/p>\t\t\t\t\t\t\t\t<\/div>\n\t\t\t\t<\/div>\n\t\t\t\t<\/div>\n\t\t<div class=\"elementor-element elementor-element-1a47b97 e-con-full e-flex e-con e-child\" data-id=\"1a47b97\" data-element_type=\"container\" id=\"komputerowe-systemy-sterowania\" data-settings=\"{&quot;background_background&quot;:&quot;classic&quot;,&quot;shape_divider_top&quot;:&quot;arrow&quot;}\">\n\t\t\t\t<div class=\"elementor-shape elementor-shape-top\" aria-hidden=\"true\" data-negative=\"false\">\n\t\t\t<svg xmlns=\"http:\/\/www.w3.org\/2000\/svg\" viewbox=\"0 0 700 10\" preserveaspectratio=\"none\">\n\t<path class=\"elementor-shape-fill\" d=\"M350,10L340,0h20L350,10z\"\/>\n<\/svg>\t\t<\/div>\n\t\t<div class=\"elementor-element elementor-element-509071a e-con-full e-flex e-con e-child\" data-id=\"509071a\" data-element_type=\"container\">\n\t\t\t\t<div class=\"elementor-element elementor-element-b33ff5f elementor-widget elementor-widget-image\" data-id=\"b33ff5f\" data-element_type=\"widget\" data-widget_type=\"image.default\">\n\t\t\t\t\t\t\t\t\t\t\t\t\t\t\t<img decoding=\"async\" width=\"1024\" height=\"558\" src=\"https:\/\/kia.prz.edu.pl\/wp-content\/uploads\/2025\/12\/data-center-9733151_1280-1024x558.jpg\" class=\"attachment-large size-large wp-image-1786\" alt=\"\" srcset=\"https:\/\/kia.prz.edu.pl\/wp-content\/uploads\/2025\/12\/data-center-9733151_1280-1024x558.jpg 1024w, https:\/\/kia.prz.edu.pl\/wp-content\/uploads\/2025\/12\/data-center-9733151_1280-300x164.jpg 300w, https:\/\/kia.prz.edu.pl\/wp-content\/uploads\/2025\/12\/data-center-9733151_1280-768x419.jpg 768w, https:\/\/kia.prz.edu.pl\/wp-content\/uploads\/2025\/12\/data-center-9733151_1280-18x10.jpg 18w, https:\/\/kia.prz.edu.pl\/wp-content\/uploads\/2025\/12\/data-center-9733151_1280.jpg 1280w\" sizes=\"(max-width: 1024px) 100vw, 1024px\" \/>\t\t\t\t\t\t\t\t\t\t\t\t\t\t\t<\/div>\n\t\t\t\t<\/div>\n\t\t<div class=\"elementor-element elementor-element-ff82223 e-con-full e-flex e-con e-child\" data-id=\"ff82223\" data-element_type=\"container\">\n\t\t\t\t<div class=\"elementor-element elementor-element-0cba108 elementor-widget elementor-widget-heading\" data-id=\"0cba108\" data-element_type=\"widget\" data-widget_type=\"heading.default\">\n\t\t\t\t\t<h2 class=\"elementor-heading-title elementor-size-default\">Computer control systems<br> (FoS: Automatic Control and Robotics)<\/h2>\t\t\t\t<\/div>\n\t\t\t\t<div class=\"elementor-element elementor-element-d99f365 elementor-widget-divider--view-line elementor-widget elementor-widget-divider\" data-id=\"d99f365\" data-element_type=\"widget\" data-widget_type=\"divider.default\">\n\t\t\t\t\t\t\t<div class=\"elementor-divider\">\n\t\t\t<span class=\"elementor-divider-separator\">\n\t\t\t\t\t\t<\/span>\n\t\t<\/div>\n\t\t\t\t\t\t<\/div>\n\t\t\t\t<div class=\"elementor-element elementor-element-94eeaa8 elementor-widget elementor-widget-text-editor\" data-id=\"94eeaa8\" data-element_type=\"widget\" data-widget_type=\"text-editor.default\">\n\t\t\t\t\t\t\t\t\t<p><strong>Specjalno\u015b\u0107 komputerowe systemy sterowania<\/strong> jest adresowana do student\u00f3w zainteresowanych <strong>projektowaniem i eksploatacj\u0105 sterownik\u00f3w i system\u00f3w sterowania oraz ich integracj\u0105 w \u015brodowiskach informatycznych.<\/strong> Studenci nabywaj\u0105 praktyczn\u0105 wiedz\u0119 w zakresie tworzenia i wykorzystania system\u00f3w komputerowych do <strong>sterowania proces\u00f3w technologicznych i zrobotyzowanych linii produkcyjnych.<\/strong> Poznaj\u0105 techniki stosowane na styku komputera z otoczeniem oraz oprogramowania ze sprz\u0119tem. Nabywaj\u0105 <strong>umiej\u0119tno\u015b\u0107 programowania aplikacji zar\u00f3wno w uniwersalnych systemach operacyjnych, jak i w systemach czasu rzeczywistego.<\/strong><\/p><p>Poznaj\u0105 <strong>przemys\u0142owe bazy danych, nowoczesne mikrokontrolery, systemy wbudowane, programowanie robot\u00f3w przemys\u0142owych<\/strong>. Potrafi\u0105 projektowa\u0107 urz\u0105dzenia <strong>mikroprocesorowe i rekonfigurowalne<\/strong> oraz stosowa\u0107 r\u00f3\u017cnego typu sieci komputerowe z konwersj\u0105 protoko\u0142\u00f3w komunikacyjnych. Poznaj\u0105 <strong>wizj\u0119 komputerow\u0105, komunikacj\u0119 bezprzewodow\u0105, szybkie prototypowanie urz\u0105dze\u0144 mechatronicznych, zasady bezpiecze\u0144stwa system\u00f3w.<\/strong> Dodatkow\u0105 wiedz\u0119 uzyskuj\u0105 w zakresie metod sztucznej inteligencji, system\u00f3w ekspertowych, eksploracji danych oraz <strong>wspomagania decyzji.<\/strong><\/p>\t\t\t\t\t\t\t\t<\/div>\n\t\t\t\t<\/div>\n\t\t\t\t<\/div>\n\t\t\t\t<\/div>\n\t\t\t\t\t<\/div>\n\t\t\t\t<\/div>\n\t\t<div class=\"elementor-element elementor-element-97e1a04 e-flex e-con-boxed e-con e-parent\" data-id=\"97e1a04\" data-element_type=\"container\">\n\t\t\t\t\t<div class=\"e-con-inner\">\n\t\t\t\t\t<\/div>\n\t\t\t\t<\/div>\n\t\t\t\t<\/div>","protected":false},"excerpt":{"rendered":"<p>Specjalno\u015bci Sztuczna inteligencja (kierunek: informatyka) Specjalno\u015b\u0107 sztuczna inteligencja skierowana jest do student\u00f3w informatyki, kt\u00f3rzy chc\u0105 zg\u0142\u0119bi\u0107 wiedz\u0119 i umiej\u0119tno\u015bci zwi\u0105zane z nowoczesnymi technologiami AI. Program studi\u00f3w obejmuje szerok\u0105 gam\u0119 przedmiot\u00f3w, takich jak zaawansowane techniki programowania, techniki analizy danych, uczenie maszynowe oraz uczenie si\u0119 ze wzmocnieniem. Studenci poznaj\u0105 tak\u017ce zastosowania AI w grach komputerowych, grafice komputerowej [&hellip;]<\/p>","protected":false},"author":1,"featured_media":0,"parent":0,"menu_order":0,"comment_status":"closed","ping_status":"closed","template":"","meta":{"site-sidebar-layout":"no-sidebar","site-content-layout":"","ast-site-content-layout":"full-width-container","site-content-style":"default","site-sidebar-style":"default","ast-global-header-display":"","ast-banner-title-visibility":"","ast-main-header-display":"","ast-hfb-above-header-display":"","ast-hfb-below-header-display":"","ast-hfb-mobile-header-display":"","site-post-title":"disabled","ast-breadcrumbs-content":"","ast-featured-img":"disabled","footer-sml-layout":"","ast-disable-related-posts":"","theme-transparent-header-meta":"","adv-header-id-meta":"","stick-header-meta":"","header-above-stick-meta":"","header-main-stick-meta":"","header-below-stick-meta":"","astra-migrate-meta-layouts":"default","ast-page-background-enabled":"default","ast-page-background-meta":{"desktop":{"background-color":"var(--ast-global-color-5)","background-image":"","background-repeat":"repeat","background-position":"center center","background-size":"auto","background-attachment":"scroll","background-type":"","background-media":"","overlay-type":"","overlay-color":"","overlay-opacity":"","overlay-gradient":""},"tablet":{"background-color":"","background-image":"","background-repeat":"repeat","background-position":"center center","background-size":"auto","background-attachment":"scroll","background-type":"","background-media":"","overlay-type":"","overlay-color":"","overlay-opacity":"","overlay-gradient":""},"mobile":{"background-color":"","background-image":"","background-repeat":"repeat","background-position":"center center","background-size":"auto","background-attachment":"scroll","background-type":"","background-media":"","overlay-type":"","overlay-color":"","overlay-opacity":"","overlay-gradient":""}},"ast-content-background-meta":{"desktop":{"background-color":"var(--ast-global-color-4)","background-image":"","background-repeat":"repeat","background-position":"center center","background-size":"auto","background-attachment":"scroll","background-type":"","background-media":"","overlay-type":"","overlay-color":"","overlay-opacity":"","overlay-gradient":""},"tablet":{"background-color":"var(--ast-global-color-4)","background-image":"","background-repeat":"repeat","background-position":"center center","background-size":"auto","background-attachment":"scroll","background-type":"","background-media":"","overlay-type":"","overlay-color":"","overlay-opacity":"","overlay-gradient":""},"mobile":{"background-color":"var(--ast-global-color-4)","background-image":"","background-repeat":"repeat","background-position":"center center","background-size":"auto","background-attachment":"scroll","background-type":"","background-media":"","overlay-type":"","overlay-color":"","overlay-opacity":"","overlay-gradient":""}},"footnotes":""},"class_list":["post-123","page","type-page","status-publish","hentry"],"rttpg_featured_image_url":null,"rttpg_author":{"display_name":"kia@goldenwebs.pl","author_link":"https:\/\/kia.prz.edu.pl\/en\/author\/kiagoldenwebs-pl\/"},"rttpg_comment":0,"rttpg_category":null,"rttpg_excerpt":"Specjalno\u015bci Sztuczna inteligencja (kierunek: informatyka) Specjalno\u015b\u0107 sztuczna inteligencja skierowana jest do student\u00f3w informatyki, kt\u00f3rzy chc\u0105 zg\u0142\u0119bi\u0107 wiedz\u0119 i umiej\u0119tno\u015bci zwi\u0105zane z nowoczesnymi technologiami AI. Program studi\u00f3w obejmuje szerok\u0105 gam\u0119 przedmiot\u00f3w, takich jak zaawansowane techniki programowania, techniki analizy danych, uczenie maszynowe oraz uczenie si\u0119 ze wzmocnieniem. Studenci poznaj\u0105 tak\u017ce zastosowania AI w grach komputerowych, grafice komputerowej&hellip;","_links":{"self":[{"href":"https:\/\/kia.prz.edu.pl\/en\/wp-json\/wp\/v2\/pages\/123","targetHints":{"allow":["GET"]}}],"collection":[{"href":"https:\/\/kia.prz.edu.pl\/en\/wp-json\/wp\/v2\/pages"}],"about":[{"href":"https:\/\/kia.prz.edu.pl\/en\/wp-json\/wp\/v2\/types\/page"}],"author":[{"embeddable":true,"href":"https:\/\/kia.prz.edu.pl\/en\/wp-json\/wp\/v2\/users\/1"}],"replies":[{"embeddable":true,"href":"https:\/\/kia.prz.edu.pl\/en\/wp-json\/wp\/v2\/comments?post=123"}],"version-history":[{"count":107,"href":"https:\/\/kia.prz.edu.pl\/en\/wp-json\/wp\/v2\/pages\/123\/revisions"}],"predecessor-version":[{"id":1892,"href":"https:\/\/kia.prz.edu.pl\/en\/wp-json\/wp\/v2\/pages\/123\/revisions\/1892"}],"wp:attachment":[{"href":"https:\/\/kia.prz.edu.pl\/en\/wp-json\/wp\/v2\/media?parent=123"}],"curies":[{"name":"wp","href":"https:\/\/api.w.org\/{rel}","templated":true}]}}