{"id":1289,"date":"2025-11-20T22:30:51","date_gmt":"2025-11-20T21:30:51","guid":{"rendered":"https:\/\/n.kia.prz.edu.pl\/?page_id=1289"},"modified":"2026-02-01T18:09:13","modified_gmt":"2026-02-01T17:09:13","slug":"kola-naukowe","status":"publish","type":"page","link":"https:\/\/kia.prz.edu.pl\/en\/specjalnosci\/kola-naukowe\/","title":{"rendered":"Ko\u0142a Naukowe"},"content":{"rendered":"<div class=\"wp-block-group is-layout-constrained wp-block-group-is-layout-constrained\">\n<figure class=\"wp-block-table is-style-stripes\"><table><thead><tr><th class=\"has-text-align-left\" data-align=\"left\">Lp.<\/th><th>Nazwa Ko\u0142a<\/th><th>Opiekunowie<\/th><\/tr><\/thead><tbody><tr><td class=\"has-text-align-left\" data-align=\"left\">1.<\/td><td><a href=\"http:\/\/kod.prz.edu.pl\/\" data-type=\"link\" data-id=\"http:\/\/kod.prz.edu.pl\/\">Ko\u0142o Naukowe Informatyk\u00f3w \u201eKOD\u201d<\/a><\/td><td>dr in\u017c. Bartosz Trybus<\/td><\/tr><tr><td class=\"has-text-align-left\" data-align=\"left\">2.<\/td><td><a href=\"http:\/\/vision.kia.prz.edu.pl\/gest\/\">Ko\u0142o Naukowe Interakcji Cz\u0142owiek-Komputer GEST<\/a><\/td><td>dr hab. in\u017c. Tomasz Kapu\u015bci\u0144ski, prof. PRz<br>dr in\u017c. Dawid Kalandyk<\/td><\/tr><tr><td class=\"has-text-align-left\" data-align=\"left\">3.<\/td><td><a href=\"https:\/\/rzit.pl\/robo\/\">Ko\u0142o Naukowe \u201eROBO\u201d<\/a><\/td><td>dr in\u017c. Tomasz \u017babi\u0144ski<\/td><\/tr><tr><td class=\"has-text-align-left\" data-align=\"left\">4.<\/td><td><a href=\"https:\/\/robotyka.prz.edu.pl\/\">Ko\u0142o Naukowe Robotyki Stosowanej i System\u00f3w Wbudowanych<\/a><\/td><td>mgr in\u017c. Dominik O\u017c\u00f3g<\/td><\/tr><\/tbody><\/table><\/figure>\n<\/div>\n\n\n\n<p><\/p>","protected":false},"excerpt":{"rendered":"<p>Lp. Nazwa Ko\u0142a Opiekunowie 1. Ko\u0142o Naukowe Informatyk\u00f3w \u201eKOD\u201d dr in\u017c. Bartosz Trybus 2. Ko\u0142o Naukowe Interakcji Cz\u0142owiek-Komputer GEST dr hab. in\u017c. Tomasz Kapu\u015bci\u0144ski, prof. PRzdr in\u017c. Dawid Kalandyk 3. Ko\u0142o Naukowe \u201eROBO\u201d dr in\u017c. Tomasz \u017babi\u0144ski 4. Ko\u0142o Naukowe Robotyki Stosowanej i System\u00f3w Wbudowanych mgr in\u017c. Dominik O\u017c\u00f3g<\/p>","protected":false},"author":1,"featured_media":0,"parent":123,"menu_order":0,"comment_status":"closed","ping_status":"closed","template":"","meta":{"site-sidebar-layout":"default","site-content-layout":"","ast-site-content-layout":"default","site-content-style":"default","site-sidebar-style":"default","ast-global-header-display":"","ast-banner-title-visibility":"","ast-main-header-display":"","ast-hfb-above-header-display":"","ast-hfb-below-header-display":"","ast-hfb-mobile-header-display":"","site-post-title":"disabled","ast-breadcrumbs-content":"","ast-featured-img":"","footer-sml-layout":"","ast-disable-related-posts":"","theme-transparent-header-meta":"","adv-header-id-meta":"","stick-header-meta":"","header-above-stick-meta":"","header-main-stick-meta":"","header-below-stick-meta":"","astra-migrate-meta-layouts":"default","ast-page-background-enabled":"default","ast-page-background-meta":{"desktop":{"background-color":"var(--ast-global-color-5)","background-image":"","background-repeat":"repeat","background-position":"center center","background-size":"auto","background-attachment":"scroll","background-type":"","background-media":"","overlay-type":"","overlay-color":"","overlay-opacity":"","overlay-gradient":""},"tablet":{"background-color":"","background-image":"","background-repeat":"repeat","background-position":"center center","background-size":"auto","background-attachment":"scroll","background-type":"","background-media":"","overlay-type":"","overlay-color":"","overlay-opacity":"","overlay-gradient":""},"mobile":{"background-color":"","background-image":"","background-repeat":"repeat","background-position":"center center","background-size":"auto","background-attachment":"scroll","background-type":"","background-media":"","overlay-type":"","overlay-color":"","overlay-opacity":"","overlay-gradient":""}},"ast-content-background-meta":{"desktop":{"background-color":"var(--ast-global-color-4)","background-image":"","background-repeat":"repeat","background-position":"center center","background-size":"auto","background-attachment":"scroll","background-type":"","background-media":"","overlay-type":"","overlay-color":"","overlay-opacity":"","overlay-gradient":""},"tablet":{"background-color":"var(--ast-global-color-4)","background-image":"","background-repeat":"repeat","background-position":"center center","background-size":"auto","background-attachment":"scroll","background-type":"","background-media":"","overlay-type":"","overlay-color":"","overlay-opacity":"","overlay-gradient":""},"mobile":{"background-color":"var(--ast-global-color-4)","background-image":"","background-repeat":"repeat","background-position":"center center","background-size":"auto","background-attachment":"scroll","background-type":"","background-media":"","overlay-type":"","overlay-color":"","overlay-opacity":"","overlay-gradient":""}},"footnotes":""},"class_list":["post-1289","page","type-page","status-publish","hentry"],"rttpg_featured_image_url":null,"rttpg_author":{"display_name":"kia@goldenwebs.pl","author_link":"https:\/\/kia.prz.edu.pl\/en\/author\/kiagoldenwebs-pl\/"},"rttpg_comment":0,"rttpg_category":null,"rttpg_excerpt":"Lp. Nazwa Ko\u0142a Opiekunowie 1. Ko\u0142o Naukowe Informatyk\u00f3w \u201eKOD\u201d dr in\u017c. Bartosz Trybus 2. Ko\u0142o Naukowe Interakcji Cz\u0142owiek-Komputer GEST dr hab. in\u017c. Tomasz Kapu\u015bci\u0144ski, prof. PRzdr in\u017c. Dawid Kalandyk 3. Ko\u0142o Naukowe \u201eROBO\u201d dr in\u017c. Tomasz \u017babi\u0144ski 4. Ko\u0142o Naukowe Robotyki Stosowanej i System\u00f3w Wbudowanych mgr in\u017c. Dominik O\u017c\u00f3g","_links":{"self":[{"href":"https:\/\/kia.prz.edu.pl\/en\/wp-json\/wp\/v2\/pages\/1289","targetHints":{"allow":["GET"]}}],"collection":[{"href":"https:\/\/kia.prz.edu.pl\/en\/wp-json\/wp\/v2\/pages"}],"about":[{"href":"https:\/\/kia.prz.edu.pl\/en\/wp-json\/wp\/v2\/types\/page"}],"author":[{"embeddable":true,"href":"https:\/\/kia.prz.edu.pl\/en\/wp-json\/wp\/v2\/users\/1"}],"replies":[{"embeddable":true,"href":"https:\/\/kia.prz.edu.pl\/en\/wp-json\/wp\/v2\/comments?post=1289"}],"version-history":[{"count":2,"href":"https:\/\/kia.prz.edu.pl\/en\/wp-json\/wp\/v2\/pages\/1289\/revisions"}],"predecessor-version":[{"id":1977,"href":"https:\/\/kia.prz.edu.pl\/en\/wp-json\/wp\/v2\/pages\/1289\/revisions\/1977"}],"up":[{"embeddable":true,"href":"https:\/\/kia.prz.edu.pl\/en\/wp-json\/wp\/v2\/pages\/123"}],"wp:attachment":[{"href":"https:\/\/kia.prz.edu.pl\/en\/wp-json\/wp\/v2\/media?parent=1289"}],"curies":[{"name":"wp","href":"https:\/\/api.w.org\/{rel}","templated":true}]}}