{"id":312,"date":"2025-11-07T09:28:36","date_gmt":"2025-11-07T08:28:36","guid":{"rendered":"https:\/\/n.kia.prz.edu.pl\/?page_id=312"},"modified":"2025-12-03T13:23:26","modified_gmt":"2025-12-03T12:23:26","slug":"umowy-licencyjne","status":"publish","type":"page","link":"https:\/\/kia.prz.edu.pl\/en\/badania\/umowy-licencyjne\/","title":{"rendered":"Umowy licencyjne"},"content":{"rendered":"<div data-elementor-type=\"wp-page\" data-elementor-id=\"312\" class=\"elementor elementor-312\">\n\t\t\t\t<div class=\"elementor-element elementor-element-cc6f934 e-flex e-con-boxed e-con e-parent\" data-id=\"cc6f934\" data-element_type=\"container\">\n\t\t\t\t\t<div class=\"e-con-inner\">\n\t\t\t\t<div class=\"elementor-element elementor-element-7d1b6f7 elementor-widget elementor-widget-heading\" data-id=\"7d1b6f7\" data-element_type=\"widget\" data-widget_type=\"heading.default\">\n\t\t\t\t\t<h2 class=\"elementor-heading-title elementor-size-default\">Umowy licencyjne<\/h2>\t\t\t\t<\/div>\n\t\t\t\t\t<\/div>\n\t\t\t\t<\/div>\n\t\t<div class=\"elementor-element elementor-element-20ce383 e-flex e-con-boxed e-con e-parent\" data-id=\"20ce383\" data-element_type=\"container\">\n\t\t\t\t\t<div class=\"e-con-inner\">\n\t\t<div class=\"elementor-element elementor-element-96412d6 e-con-full e-flex e-con e-child\" data-id=\"96412d6\" data-element_type=\"container\">\n\t\t\t\t<div class=\"elementor-element elementor-element-2717789 elementor-widget elementor-widget-text-editor\" data-id=\"2717789\" data-element_type=\"widget\" data-widget_type=\"text-editor.default\">\n\t\t\t\t\t\t\t\t\t<ul><li>Pakiet in\u017cynierski CPDev do programowania sterownika SMC, umowa licencyjna PRz z Lubuskimi Zak\u0142adami Aparat\u00f3w Elektrycznych LUMEL SA z siedzib\u0105 w Zielonej G\u00f3rze <strong>(L. Trybus, Z. \u015awider ).<\/strong><\/li><li>\u00a0Oprogramowanie programowalnego sterownika wielofunkcyjnego PSW-84, umowa licencyjna PRz z Zak\u0142adem Produkcji Do\u015bwiadczalnej Automatyki Sp. z o.o. Ostr\u00f3w Wlkp. <strong>(L. Trybus, Z. \u015awider ).<\/strong><\/li><li>\u00a0Oprogramowanie mikroregulatora RM-20, umowa licencyjna PRz z Zak\u0142adem Produkcji Do\u015bwiadczalnej Automatyki Sp. z o.o. Ostr\u00f3w Wlkp. <strong>(L. Trybus, Z. \u015awider ).<\/strong><\/li><li>\u00a0Oprogramowanie mikroregulatora RM-32, umowa licencyjna PRz z Zak\u0142adem Produkcji Do\u015bwiadczalnej Automatyki Sp. z o.o. Ostr\u00f3w Wlkp. <strong>(L. Trybus, Z. \u015awider ).<\/strong><\/li><li>Oprogramowanie urz\u0105dze\u0144 rozproszonego systemu sterowania PSW\/WWT-CAN, umowa licencyjna PRz z Zak\u0142adem Produkcji Do\u015bwiadczalnej Automatyki Sp. z o.o. Ostr\u00f3w Wlkp. <strong>(L. Trybus, Z. \u015awider ).<\/strong><\/li><li>Oprogramowanie regulatora funkcyjnego RF-537, umowa licencyjna PRz z Zak\u0142adem Produkcji Do\u015bwiadczalnej Automatyki Sp. z o.o. Ostr\u00f3w Wlkp. <strong>(L. Trybus, Z. \u015awider, M. \u015anie\u017cek).<\/strong><\/li><\/ul>\t\t\t\t\t\t\t\t<\/div>\n\t\t\t\t<\/div>\n\t\t\t\t\t<\/div>\n\t\t\t\t<\/div>\n\t\t<div class=\"elementor-element elementor-element-a69dd5e e-flex e-con-boxed e-con e-parent\" data-id=\"a69dd5e\" data-element_type=\"container\">\n\t\t\t\t\t<div class=\"e-con-inner\">\n\t\t\t\t\t<\/div>\n\t\t\t\t<\/div>\n\t\t\t\t<\/div>","protected":false},"excerpt":{"rendered":"<p>Umowy licencyjne Pakiet in\u017cynierski CPDev do programowania sterownika SMC, umowa licencyjna PRz z Lubuskimi Zak\u0142adami Aparat\u00f3w Elektrycznych LUMEL SA z siedzib\u0105 w Zielonej G\u00f3rze (L. Trybus, Z. \u015awider ). \u00a0Oprogramowanie programowalnego sterownika wielofunkcyjnego PSW-84, umowa licencyjna PRz z Zak\u0142adem Produkcji Do\u015bwiadczalnej Automatyki Sp. z o.o. Ostr\u00f3w Wlkp. (L. Trybus, Z. \u015awider ). \u00a0Oprogramowanie mikroregulatora RM-20, [&hellip;]<\/p>","protected":false},"author":1,"featured_media":0,"parent":120,"menu_order":0,"comment_status":"closed","ping_status":"closed","template":"","meta":{"site-sidebar-layout":"no-sidebar","site-content-layout":"","ast-site-content-layout":"full-width-container","site-content-style":"default","site-sidebar-style":"default","ast-global-header-display":"","ast-banner-title-visibility":"","ast-main-header-display":"","ast-hfb-above-header-display":"","ast-hfb-below-header-display":"","ast-hfb-mobile-header-display":"","site-post-title":"disabled","ast-breadcrumbs-content":"","ast-featured-img":"disabled","footer-sml-layout":"","ast-disable-related-posts":"","theme-transparent-header-meta":"","adv-header-id-meta":"","stick-header-meta":"","header-above-stick-meta":"","header-main-stick-meta":"","header-below-stick-meta":"","astra-migrate-meta-layouts":"default","ast-page-background-enabled":"default","ast-page-background-meta":{"desktop":{"background-color":"var(--ast-global-color-5)","background-image":"","background-repeat":"repeat","background-position":"center center","background-size":"auto","background-attachment":"scroll","background-type":"","background-media":"","overlay-type":"","overlay-color":"","overlay-opacity":"","overlay-gradient":""},"tablet":{"background-color":"","background-image":"","background-repeat":"repeat","background-position":"center center","background-size":"auto","background-attachment":"scroll","background-type":"","background-media":"","overlay-type":"","overlay-color":"","overlay-opacity":"","overlay-gradient":""},"mobile":{"background-color":"","background-image":"","background-repeat":"repeat","background-position":"center center","background-size":"auto","background-attachment":"scroll","background-type":"","background-media":"","overlay-type":"","overlay-color":"","overlay-opacity":"","overlay-gradient":""}},"ast-content-background-meta":{"desktop":{"background-color":"var(--ast-global-color-4)","background-image":"","background-repeat":"repeat","background-position":"center center","background-size":"auto","background-attachment":"scroll","background-type":"","background-media":"","overlay-type":"","overlay-color":"","overlay-opacity":"","overlay-gradient":""},"tablet":{"background-color":"var(--ast-global-color-4)","background-image":"","background-repeat":"repeat","background-position":"center center","background-size":"auto","background-attachment":"scroll","background-type":"","background-media":"","overlay-type":"","overlay-color":"","overlay-opacity":"","overlay-gradient":""},"mobile":{"background-color":"var(--ast-global-color-4)","background-image":"","background-repeat":"repeat","background-position":"center center","background-size":"auto","background-attachment":"scroll","background-type":"","background-media":"","overlay-type":"","overlay-color":"","overlay-opacity":"","overlay-gradient":""}},"footnotes":""},"class_list":["post-312","page","type-page","status-publish","hentry"],"rttpg_featured_image_url":null,"rttpg_author":{"display_name":"kia@goldenwebs.pl","author_link":"https:\/\/kia.prz.edu.pl\/en\/author\/kiagoldenwebs-pl\/"},"rttpg_comment":0,"rttpg_category":null,"rttpg_excerpt":"Umowy licencyjne Pakiet in\u017cynierski CPDev do programowania sterownika SMC, umowa licencyjna PRz z Lubuskimi Zak\u0142adami Aparat\u00f3w Elektrycznych LUMEL SA z siedzib\u0105 w Zielonej G\u00f3rze (L. Trybus, Z. \u015awider ). \u00a0Oprogramowanie programowalnego sterownika wielofunkcyjnego PSW-84, umowa licencyjna PRz z Zak\u0142adem Produkcji Do\u015bwiadczalnej Automatyki Sp. z o.o. Ostr\u00f3w Wlkp. (L. Trybus, Z. \u015awider ). \u00a0Oprogramowanie mikroregulatora RM-20,&hellip;","_links":{"self":[{"href":"https:\/\/kia.prz.edu.pl\/en\/wp-json\/wp\/v2\/pages\/312","targetHints":{"allow":["GET"]}}],"collection":[{"href":"https:\/\/kia.prz.edu.pl\/en\/wp-json\/wp\/v2\/pages"}],"about":[{"href":"https:\/\/kia.prz.edu.pl\/en\/wp-json\/wp\/v2\/types\/page"}],"author":[{"embeddable":true,"href":"https:\/\/kia.prz.edu.pl\/en\/wp-json\/wp\/v2\/users\/1"}],"replies":[{"embeddable":true,"href":"https:\/\/kia.prz.edu.pl\/en\/wp-json\/wp\/v2\/comments?post=312"}],"version-history":[{"count":11,"href":"https:\/\/kia.prz.edu.pl\/en\/wp-json\/wp\/v2\/pages\/312\/revisions"}],"predecessor-version":[{"id":1408,"href":"https:\/\/kia.prz.edu.pl\/en\/wp-json\/wp\/v2\/pages\/312\/revisions\/1408"}],"up":[{"embeddable":true,"href":"https:\/\/kia.prz.edu.pl\/en\/wp-json\/wp\/v2\/pages\/120"}],"wp:attachment":[{"href":"https:\/\/kia.prz.edu.pl\/en\/wp-json\/wp\/v2\/media?parent=312"}],"curies":[{"name":"wp","href":"https:\/\/api.w.org\/{rel}","templated":true}]}}