{"id":314,"date":"2025-11-07T09:28:46","date_gmt":"2025-11-07T08:28:46","guid":{"rendered":"https:\/\/n.kia.prz.edu.pl\/?page_id=314"},"modified":"2025-12-03T13:24:03","modified_gmt":"2025-12-03T12:24:03","slug":"wdrozenia","status":"publish","type":"page","link":"https:\/\/kia.prz.edu.pl\/en\/badania\/wdrozenia\/","title":{"rendered":"Wdro\u017cenia"},"content":{"rendered":"<div data-elementor-type=\"wp-page\" data-elementor-id=\"314\" class=\"elementor elementor-314\">\n\t\t\t\t<div class=\"elementor-element elementor-element-85be6e1 e-flex e-con-boxed e-con e-parent\" data-id=\"85be6e1\" data-element_type=\"container\">\n\t\t\t\t\t<div class=\"e-con-inner\">\n\t\t\t\t<div class=\"elementor-element elementor-element-92151b6 elementor-widget elementor-widget-heading\" data-id=\"92151b6\" data-element_type=\"widget\" data-widget_type=\"heading.default\">\n\t\t\t\t\t<h2 class=\"elementor-heading-title elementor-size-default\">Wdro\u017cenia<\/h2>\t\t\t\t<\/div>\n\t\t\t\t\t<\/div>\n\t\t\t\t<\/div>\n\t\t<div class=\"elementor-element elementor-element-0eb1d19 e-flex e-con-boxed e-con e-parent\" data-id=\"0eb1d19\" data-element_type=\"container\">\n\t\t\t\t\t<div class=\"e-con-inner\">\n\t\t<div class=\"elementor-element elementor-element-91cf750 e-con-full e-flex e-con e-child\" data-id=\"91cf750\" data-element_type=\"container\">\n\t\t\t\t<div class=\"elementor-element elementor-element-482e915 elementor-widget elementor-widget-text-editor\" data-id=\"482e915\" data-element_type=\"widget\" data-widget_type=\"text-editor.default\">\n\t\t\t\t\t\t\t\t\t<ul><li>Contract on the sale of the licence on software package (Control Program Developer), Praxis Automation Technology B.V., Leiden, Holandia, 2009.<\/li><li>Pakiet in\u017cynierski CPDev do programowania sterownika SMC. Lubuskie Zak\u0142ady Aparat\u00f3w Elektrycznych LUMEL S.A., Zielona G\u00f3ra, 2008.<\/li><li>Programowalne sterowniki wielofunkcyjne serii PSW\u20138\/84\/852\/166 (30\u201375 sygna\u0142\u00f3w obiektowych). ZPDA Ostr\u00f3w Wlkp., ELMONT Bia\u0142a Podlaska, 1993\u20132003.<\/li><li>Wska\u017aniki wielko\u015bci technologicznych serii WWT\u201320\/84\/166 (inteligentne stacje pomiarowe). ZPDA Ostr\u00f3w Wlkp., 1994\u20132003.<\/li><li>Inteligentny przetwornik pomiarowy PPS\u201310 (dwuprzewodowy, pomiar mV, Ohm, U, I, \u0142\u0105cze RS\u2013232). ZPDA Ostr\u00f3w Wlkp., 2003.<\/li><li>Regulator mikroprocesorowy RM\u201320\/32 (2 WE + 1 WY anal., 7 WE + 2 WY bin., \u0142\u0105cza RS\u2013485, 232, samostrojenie). ZPDA Ostr\u00f3w Wlkp., 2003\u20132004.<\/li><li>System sterowania procesem reaktywnego rozpylania magnetronowego (wytwarzanie cienkich pow\u0142ok o kontrolowanych parametrach). Maryland, Rzesz\u00f3w, 2003.<\/li><li>Terminalowy system informatyczny dla Powiatowego Banku Sp\u00f3\u0142dzielczego w Strzy\u017cowie i oddzia\u0142\u00f3w. Strzy\u017c\u00f3w, Niebylec, Czudec, Wi\u015bniowa, Frysztak, 2003.<\/li><li>Uruchomienie serwera plik\u00f3w dzia\u0142aj\u0105cego pod kontrol\u0105 systemu Linux oraz bramki dost\u0119powej do Internetu. ZUT w Zag\u00f3rzu, 2002\u20132003.<\/li><li>Rozproszony system sterowania PSW\/WWT\u2013CAN (uniwersalne przeznaczenie, obs\u0142uga do 900 sygna\u0142\u00f3w obiektowych). ZPDA Ostr\u00f3w Wlkp., 2001.<\/li><li>Terminalowy system informatyczny Novum\u2013Bank 4GL\/Progress\u2013Linux\/Windows 2000 Server dla Banku Sp\u00f3\u0142dzielczego w Lubeni, oddzia\u0142\u00f3w i punkt\u00f3w kasowych, na bazie \u0142\u0105czy HDSL\/ISDN\/VPN\u2013SDI. Lubenia, 2001.<\/li><li>Wizualizacja pracy kot\u0142owni w Szpitalu Wojew\u00f3dzkim Nr 2, wsp\u00f3\u0142praca przy wdra\u017caniu projektu realizowanego przez firm\u0119 Termo\u2013Elterm, 2001.<\/li><li>Opracowanie i wdro\u017cenie \u201eWzorcowego regulaminu zarz\u0105dzania danymi poufnymi i tajnymi w bankach sp\u00f3\u0142dzielczych\u201d. Rzesz\u00f3w, 2000\u20132001.<\/li><li>System zdalnego sterowania stacji pomp (monitorowanie uj\u0119cia wody pitnej i przepompowni \u015bciek\u00f3w \u2013 Nowa Sarzyna). NiT, 2002.<\/li><li>Wielokomputerowy system sterowania dla aktywnego t\u0142umienia drga\u0144 p\u0142yt (komputer nadrz\u0119dny i 3 podrz\u0119dne, konfiguracja peer\u2013to\u2013peer). UR, 2002.<\/li><li>Wysi\u0119gnik ze sterowaniem komputerowym (specjalizowany sterownik ruchu, generowanie trajektorii i komunikacja z komputerem nadrz\u0119dnym). NiT, 2001.<\/li><li>Wielokana\u0142owe modu\u0142y pomiarowe (3 modu\u0142y \u2013 16 WE, 16 WY anal. 12 bit., jednoczesny pomiar, czas konwersji 2.7ms, 32 WE\/WY bin.). OpTeam, 2001.<\/li><li>Pakiet wizualizacji i sterowania nadrz\u0119dnego ORSA. SIARKOPOL Grzyb\u00f3w 1997, ITGiS Radom 1998.<\/li><li>Wielokana\u0142owy regulator cyfrowy Inteldigit\u2013PI (1987 \u2013 ZPE ZAPEL Boguchwa\u0142a, 1989 \u2013 ZUW Zwi\u0119czyca 2).<\/li><li>RAM\u2013dysk oraz zmodyfikowany system operacyjny CP\/M 2.2 dla mikrokomputer\u00f3w MK4501\/02 (1987 \u2013 wdro\u017cenie do produkcji MERA KFAP\/RUNCOM) .<\/li><li>Zdecentralizowany system rejestracji i przetwarzania danych dla sieci cieplnej miasta Rzeszowa (1986 \u2013 MPEC Rzesz\u00f3w).<\/li><li>Mikrokomputerowy system sterowania procesem wypalania ceramiki w piecach tunelowych na bazie PSPD90\u2013Inteldigit PI. (1986 \u2013 Zak\u0142ady Magnezytowe Ropczyce).<\/li><li>Mikrokomputerowy system czasu rzeczywistego PSPD90\u2013Intedigit PI. (1984 \u2013wdro\u017cenie do produkcji MERA KFAP).<\/li><li>System informatyczny PIEC dla doradczego sterowania piecami tunelowymi (1978 \u2013 ZPE ZAPEL Boguchwa\u0142a, 1981 \u2013 Zak\u0142ad Porcelany Katowice\u2013Bogucice).<\/li><\/ul>\t\t\t\t\t\t\t\t<\/div>\n\t\t\t\t<\/div>\n\t\t\t\t\t<\/div>\n\t\t\t\t<\/div>\n\t\t<div class=\"elementor-element elementor-element-0dc7b49 e-flex e-con-boxed e-con e-parent\" data-id=\"0dc7b49\" data-element_type=\"container\">\n\t\t\t\t\t<div class=\"e-con-inner\">\n\t\t\t\t\t<\/div>\n\t\t\t\t<\/div>\n\t\t\t\t<\/div>","protected":false},"excerpt":{"rendered":"<p>Wdro\u017cenia Contract on the sale of the licence on software package (Control Program Developer), Praxis Automation Technology B.V., Leiden, Holandia, 2009. Pakiet in\u017cynierski CPDev do programowania sterownika SMC. Lubuskie Zak\u0142ady Aparat\u00f3w Elektrycznych LUMEL S.A., Zielona G\u00f3ra, 2008. Programowalne sterowniki wielofunkcyjne serii PSW\u20138\/84\/852\/166 (30\u201375 sygna\u0142\u00f3w obiektowych). ZPDA Ostr\u00f3w Wlkp., ELMONT Bia\u0142a Podlaska, 1993\u20132003. Wska\u017aniki wielko\u015bci technologicznych [&hellip;]<\/p>","protected":false},"author":1,"featured_media":0,"parent":120,"menu_order":0,"comment_status":"closed","ping_status":"closed","template":"","meta":{"site-sidebar-layout":"no-sidebar","site-content-layout":"","ast-site-content-layout":"full-width-container","site-content-style":"default","site-sidebar-style":"default","ast-global-header-display":"","ast-banner-title-visibility":"","ast-main-header-display":"","ast-hfb-above-header-display":"","ast-hfb-below-header-display":"","ast-hfb-mobile-header-display":"","site-post-title":"disabled","ast-breadcrumbs-content":"","ast-featured-img":"disabled","footer-sml-layout":"","ast-disable-related-posts":"","theme-transparent-header-meta":"","adv-header-id-meta":"","stick-header-meta":"","header-above-stick-meta":"","header-main-stick-meta":"","header-below-stick-meta":"","astra-migrate-meta-layouts":"default","ast-page-background-enabled":"default","ast-page-background-meta":{"desktop":{"background-color":"var(--ast-global-color-5)","background-image":"","background-repeat":"repeat","background-position":"center center","background-size":"auto","background-attachment":"scroll","background-type":"","background-media":"","overlay-type":"","overlay-color":"","overlay-opacity":"","overlay-gradient":""},"tablet":{"background-color":"","background-image":"","background-repeat":"repeat","background-position":"center center","background-size":"auto","background-attachment":"scroll","background-type":"","background-media":"","overlay-type":"","overlay-color":"","overlay-opacity":"","overlay-gradient":""},"mobile":{"background-color":"","background-image":"","background-repeat":"repeat","background-position":"center center","background-size":"auto","background-attachment":"scroll","background-type":"","background-media":"","overlay-type":"","overlay-color":"","overlay-opacity":"","overlay-gradient":""}},"ast-content-background-meta":{"desktop":{"background-color":"var(--ast-global-color-4)","background-image":"","background-repeat":"repeat","background-position":"center center","background-size":"auto","background-attachment":"scroll","background-type":"","background-media":"","overlay-type":"","overlay-color":"","overlay-opacity":"","overlay-gradient":""},"tablet":{"background-color":"var(--ast-global-color-4)","background-image":"","background-repeat":"repeat","background-position":"center center","background-size":"auto","background-attachment":"scroll","background-type":"","background-media":"","overlay-type":"","overlay-color":"","overlay-opacity":"","overlay-gradient":""},"mobile":{"background-color":"var(--ast-global-color-4)","background-image":"","background-repeat":"repeat","background-position":"center center","background-size":"auto","background-attachment":"scroll","background-type":"","background-media":"","overlay-type":"","overlay-color":"","overlay-opacity":"","overlay-gradient":""}},"footnotes":""},"class_list":["post-314","page","type-page","status-publish","hentry"],"rttpg_featured_image_url":null,"rttpg_author":{"display_name":"kia@goldenwebs.pl","author_link":"https:\/\/kia.prz.edu.pl\/en\/author\/kiagoldenwebs-pl\/"},"rttpg_comment":0,"rttpg_category":null,"rttpg_excerpt":"Wdro\u017cenia Contract on the sale of the licence on software package (Control Program Developer), Praxis Automation Technology B.V., Leiden, Holandia, 2009. Pakiet in\u017cynierski CPDev do programowania sterownika SMC. Lubuskie Zak\u0142ady Aparat\u00f3w Elektrycznych LUMEL S.A., Zielona G\u00f3ra, 2008. Programowalne sterowniki wielofunkcyjne serii PSW\u20138\/84\/852\/166 (30\u201375 sygna\u0142\u00f3w obiektowych). ZPDA Ostr\u00f3w Wlkp., ELMONT Bia\u0142a Podlaska, 1993\u20132003. Wska\u017aniki wielko\u015bci technologicznych&hellip;","_links":{"self":[{"href":"https:\/\/kia.prz.edu.pl\/en\/wp-json\/wp\/v2\/pages\/314","targetHints":{"allow":["GET"]}}],"collection":[{"href":"https:\/\/kia.prz.edu.pl\/en\/wp-json\/wp\/v2\/pages"}],"about":[{"href":"https:\/\/kia.prz.edu.pl\/en\/wp-json\/wp\/v2\/types\/page"}],"author":[{"embeddable":true,"href":"https:\/\/kia.prz.edu.pl\/en\/wp-json\/wp\/v2\/users\/1"}],"replies":[{"embeddable":true,"href":"https:\/\/kia.prz.edu.pl\/en\/wp-json\/wp\/v2\/comments?post=314"}],"version-history":[{"count":14,"href":"https:\/\/kia.prz.edu.pl\/en\/wp-json\/wp\/v2\/pages\/314\/revisions"}],"predecessor-version":[{"id":1411,"href":"https:\/\/kia.prz.edu.pl\/en\/wp-json\/wp\/v2\/pages\/314\/revisions\/1411"}],"up":[{"embeddable":true,"href":"https:\/\/kia.prz.edu.pl\/en\/wp-json\/wp\/v2\/pages\/120"}],"wp:attachment":[{"href":"https:\/\/kia.prz.edu.pl\/en\/wp-json\/wp\/v2\/media?parent=314"}],"curies":[{"name":"wp","href":"https:\/\/api.w.org\/{rel}","templated":true}]}}