{"id":316,"date":"2025-11-07T09:29:25","date_gmt":"2025-11-07T08:29:25","guid":{"rendered":"https:\/\/n.kia.prz.edu.pl\/?page_id=316"},"modified":"2025-12-03T13:24:37","modified_gmt":"2025-12-03T12:24:37","slug":"patenty","status":"publish","type":"page","link":"https:\/\/kia.prz.edu.pl\/en\/badania\/patenty\/","title":{"rendered":"Patenty"},"content":{"rendered":"<div data-elementor-type=\"wp-page\" data-elementor-id=\"316\" class=\"elementor elementor-316\">\n\t\t\t\t<div class=\"elementor-element elementor-element-7fec15b e-flex e-con-boxed e-con e-parent\" data-id=\"7fec15b\" data-element_type=\"container\">\n\t\t\t\t\t<div class=\"e-con-inner\">\n\t\t\t\t<div class=\"elementor-element elementor-element-54db412 elementor-widget elementor-widget-heading\" data-id=\"54db412\" data-element_type=\"widget\" data-widget_type=\"heading.default\">\n\t\t\t\t\t<h2 class=\"elementor-heading-title elementor-size-default\">Patenty<\/h2>\t\t\t\t<\/div>\n\t\t\t\t\t<\/div>\n\t\t\t\t<\/div>\n\t\t<div class=\"elementor-element elementor-element-78f9a9d e-flex e-con-boxed e-con e-parent\" data-id=\"78f9a9d\" data-element_type=\"container\">\n\t\t\t\t\t<div class=\"e-con-inner\">\n\t\t<div class=\"elementor-element elementor-element-6227aee e-con-full e-flex e-con e-child\" data-id=\"6227aee\" data-element_type=\"container\">\n\t\t\t\t<div class=\"elementor-element elementor-element-0340e56 elementor-widget elementor-widget-text-editor\" data-id=\"0340e56\" data-element_type=\"widget\" data-widget_type=\"text-editor.default\">\n\t\t\t\t\t\t\t\t\t<ul><li><strong>T. Krzeszowski, K. Przednowek<\/strong>: Spos\u00f3b estymacji cech somatycznych, wska\u017anik\u00f3w somatycznych, komponent\u00f3w somatotypu, samego somatotypu oraz komponent\u00f3w sk\u0142adu cia\u0142a z wykorzystaniem sensora g\u0142\u0119bi, zg\u0142oszenie patentowe do UPRP nr P.434848, 2020<\/li><li><strong>G. Dec<\/strong>: Spos\u00f3b inwestowania na rynkach kapita\u0142owych i uk\u0142ad transakcyjny dostosowania tego sposobu, zg\u0142oszenie patentowe do UPRP nr P.406463, 2013<\/li><li><strong>J. Kluska, Z. Hajduk:<\/strong> Synchroniczny elektroniczny uk\u0142ad sterowania procesami r\u00f3wnoleg\u0142ymi, zg\u0142oszenie patentowe do UPRP nr P.394120, 2011<\/li><li><strong>J. Kluska, Z. Hajduk:<\/strong> Asynchroniczny elektroniczny uk\u0142ad sterowania procesami r\u00f3wnoleg\u0142ymi, zg\u0142oszenie patentowe do UPRP nr P.396483, 2011<\/li><li><strong>R. Leniowski:<\/strong> Manipulator chirurgiczny, zg\u0142oszenie patentowe do UPRP nr P.391263, 2010<\/li><li><strong>W. Halang,\u00a0 M. \u015anie\u017cek:<\/strong> Patent w Niemczech nr DE 198 41 194 IPC: G06F 11\/28 (2006.01) Cyfrowe urz\u0105dzenie do przetwarzania danych programowych ukierunkowane na bezpiecze\u0144stwo zada\u0144 automatyzacji, realizowanych jako funkcje i plan procesu (Digitale Datenverarbeitungsanlage f\u00fcr sicherheitsgerichtete Automatisierungsaufgaben zur Ausf\u00fchrung als Funktions- und Ablaufpl\u00e4ne dargestellter Programme), 9-09-1998<\/li><li><strong>Patent w Niemczech<\/strong> nr DE 198 61 281 IPC: G06F 11\/16 (2006.01) Elektroniczny komparator dw\u00f3ch s\u0142\u00f3w binarnych zapewniaj\u0105cy bezpieczne zachowanie wyj\u015bcia w wypadku awarii (Elektronischer Vergleicherzweier Bin\u00e4rworte mit ausfallsicherheitsgerichtetem Ausgabeverhalten), 9-09-1998<\/li><li><strong>K. Lal:<\/strong> Uk\u0142ad sterowania barwnego monitora semigraficznego. Patent P\u2013143977\/1989.<\/li><li><strong>K. Lal:<\/strong> Uk\u0142ad adresacji pami\u0119ci dla system\u00f3w mikroprocesorowych. Patent P\u2013154271\/1991.<\/li><li><strong>K. Lal:<\/strong> Spos\u00f3b i uk\u0142ad do pomiaru zespo\u0142\u00f3w czterech parametr\u00f3w szumowych czw\u00f3rnik\u00f3w liniowych. Patent P\u201316226\/1994 (udzia\u0142 33%).<\/li><li><strong>K. Lal:<\/strong> Spos\u00f3b i uk\u0142ad do pomiaru parametr\u00f3w szumowych element\u00f3w i uk\u0142ad\u00f3w elektronicznych. Patent P\u201316227\/1994 (udzia\u0142 25%)<\/li><li><strong>J. Cisek, Z. J\u0119druszewski:<\/strong> Wz\u00f3r u\u017cytkowy: Podest unosz\u0105cy, zw\u0142aszcza z nap\u0119dem hydraulicznym (nr prawa 63981).<\/li><\/ul>\t\t\t\t\t\t\t\t<\/div>\n\t\t\t\t<\/div>\n\t\t\t\t\t<\/div>\n\t\t\t\t<\/div>\n\t\t<div class=\"elementor-element elementor-element-6c048aa e-flex e-con-boxed e-con e-parent\" data-id=\"6c048aa\" data-element_type=\"container\">\n\t\t\t\t\t<div class=\"e-con-inner\">\n\t\t\t\t\t<\/div>\n\t\t\t\t<\/div>\n\t\t\t\t<\/div>","protected":false},"excerpt":{"rendered":"<p>Patenty T. Krzeszowski, K. Przednowek: Spos\u00f3b estymacji cech somatycznych, wska\u017anik\u00f3w somatycznych, komponent\u00f3w somatotypu, samego somatotypu oraz komponent\u00f3w sk\u0142adu cia\u0142a z wykorzystaniem sensora g\u0142\u0119bi, zg\u0142oszenie patentowe do UPRP nr P.434848, 2020 G. Dec: Spos\u00f3b inwestowania na rynkach kapita\u0142owych i uk\u0142ad transakcyjny dostosowania tego sposobu, zg\u0142oszenie patentowe do UPRP nr P.406463, 2013 J. Kluska, Z. Hajduk: Synchroniczny [&hellip;]<\/p>","protected":false},"author":1,"featured_media":0,"parent":120,"menu_order":0,"comment_status":"closed","ping_status":"closed","template":"","meta":{"site-sidebar-layout":"no-sidebar","site-content-layout":"","ast-site-content-layout":"full-width-container","site-content-style":"default","site-sidebar-style":"default","ast-global-header-display":"","ast-banner-title-visibility":"","ast-main-header-display":"","ast-hfb-above-header-display":"","ast-hfb-below-header-display":"","ast-hfb-mobile-header-display":"","site-post-title":"disabled","ast-breadcrumbs-content":"","ast-featured-img":"disabled","footer-sml-layout":"","ast-disable-related-posts":"","theme-transparent-header-meta":"","adv-header-id-meta":"","stick-header-meta":"","header-above-stick-meta":"","header-main-stick-meta":"","header-below-stick-meta":"","astra-migrate-meta-layouts":"default","ast-page-background-enabled":"default","ast-page-background-meta":{"desktop":{"background-color":"var(--ast-global-color-5)","background-image":"","background-repeat":"repeat","background-position":"center center","background-size":"auto","background-attachment":"scroll","background-type":"","background-media":"","overlay-type":"","overlay-color":"","overlay-opacity":"","overlay-gradient":""},"tablet":{"background-color":"","background-image":"","background-repeat":"repeat","background-position":"center center","background-size":"auto","background-attachment":"scroll","background-type":"","background-media":"","overlay-type":"","overlay-color":"","overlay-opacity":"","overlay-gradient":""},"mobile":{"background-color":"","background-image":"","background-repeat":"repeat","background-position":"center center","background-size":"auto","background-attachment":"scroll","background-type":"","background-media":"","overlay-type":"","overlay-color":"","overlay-opacity":"","overlay-gradient":""}},"ast-content-background-meta":{"desktop":{"background-color":"var(--ast-global-color-4)","background-image":"","background-repeat":"repeat","background-position":"center center","background-size":"auto","background-attachment":"scroll","background-type":"","background-media":"","overlay-type":"","overlay-color":"","overlay-opacity":"","overlay-gradient":""},"tablet":{"background-color":"var(--ast-global-color-4)","background-image":"","background-repeat":"repeat","background-position":"center center","background-size":"auto","background-attachment":"scroll","background-type":"","background-media":"","overlay-type":"","overlay-color":"","overlay-opacity":"","overlay-gradient":""},"mobile":{"background-color":"var(--ast-global-color-4)","background-image":"","background-repeat":"repeat","background-position":"center center","background-size":"auto","background-attachment":"scroll","background-type":"","background-media":"","overlay-type":"","overlay-color":"","overlay-opacity":"","overlay-gradient":""}},"footnotes":""},"class_list":["post-316","page","type-page","status-publish","hentry"],"rttpg_featured_image_url":null,"rttpg_author":{"display_name":"kia@goldenwebs.pl","author_link":"https:\/\/kia.prz.edu.pl\/en\/author\/kiagoldenwebs-pl\/"},"rttpg_comment":0,"rttpg_category":null,"rttpg_excerpt":"Patenty T. Krzeszowski, K. Przednowek: Spos\u00f3b estymacji cech somatycznych, wska\u017anik\u00f3w somatycznych, komponent\u00f3w somatotypu, samego somatotypu oraz komponent\u00f3w sk\u0142adu cia\u0142a z wykorzystaniem sensora g\u0142\u0119bi, zg\u0142oszenie patentowe do UPRP nr P.434848, 2020 G. Dec: Spos\u00f3b inwestowania na rynkach kapita\u0142owych i uk\u0142ad transakcyjny dostosowania tego sposobu, zg\u0142oszenie patentowe do UPRP nr P.406463, 2013 J. Kluska, Z. Hajduk: Synchroniczny&hellip;","_links":{"self":[{"href":"https:\/\/kia.prz.edu.pl\/en\/wp-json\/wp\/v2\/pages\/316","targetHints":{"allow":["GET"]}}],"collection":[{"href":"https:\/\/kia.prz.edu.pl\/en\/wp-json\/wp\/v2\/pages"}],"about":[{"href":"https:\/\/kia.prz.edu.pl\/en\/wp-json\/wp\/v2\/types\/page"}],"author":[{"embeddable":true,"href":"https:\/\/kia.prz.edu.pl\/en\/wp-json\/wp\/v2\/users\/1"}],"replies":[{"embeddable":true,"href":"https:\/\/kia.prz.edu.pl\/en\/wp-json\/wp\/v2\/comments?post=316"}],"version-history":[{"count":14,"href":"https:\/\/kia.prz.edu.pl\/en\/wp-json\/wp\/v2\/pages\/316\/revisions"}],"predecessor-version":[{"id":1414,"href":"https:\/\/kia.prz.edu.pl\/en\/wp-json\/wp\/v2\/pages\/316\/revisions\/1414"}],"up":[{"embeddable":true,"href":"https:\/\/kia.prz.edu.pl\/en\/wp-json\/wp\/v2\/pages\/120"}],"wp:attachment":[{"href":"https:\/\/kia.prz.edu.pl\/en\/wp-json\/wp\/v2\/media?parent=316"}],"curies":[{"name":"wp","href":"https:\/\/api.w.org\/{rel}","templated":true}]}}