{"id":340,"date":"2025-11-07T10:00:08","date_gmt":"2025-11-07T09:00:08","guid":{"rendered":"https:\/\/n.kia.prz.edu.pl\/?page_id=340"},"modified":"2025-12-09T13:32:36","modified_gmt":"2025-12-09T12:32:36","slug":"kurs-ibm","status":"publish","type":"page","link":"https:\/\/kia.prz.edu.pl\/en\/specjalnosci\/kurs-ibm\/","title":{"rendered":"Kurs IBM"},"content":{"rendered":"<div data-elementor-type=\"wp-page\" data-elementor-id=\"340\" class=\"elementor elementor-340\">\n\t\t\t\t<div class=\"elementor-element elementor-element-60a2abd e-flex e-con-boxed e-con e-parent\" data-id=\"60a2abd\" data-element_type=\"container\">\n\t\t\t\t\t<div class=\"e-con-inner\">\n\t\t\t\t<div class=\"elementor-element elementor-element-4c57b42 elementor-widget elementor-widget-heading\" data-id=\"4c57b42\" data-element_type=\"widget\" data-widget_type=\"heading.default\">\n\t\t\t\t\t<h2 class=\"elementor-heading-title elementor-size-default\">Kurs IBM<\/h2>\t\t\t\t<\/div>\n\t\t\t\t\t<\/div>\n\t\t\t\t<\/div>\n\t\t<div class=\"elementor-element elementor-element-667259d e-flex e-con-boxed e-con e-parent\" data-id=\"667259d\" data-element_type=\"container\">\n\t\t\t\t\t<div class=\"e-con-inner\">\n\t\t<div class=\"elementor-element elementor-element-d2eaea9 e-con-full e-flex e-con e-child\" data-id=\"d2eaea9\" data-element_type=\"container\">\n\t\t\t\t<div class=\"elementor-element elementor-element-db637e4 elementor-widget elementor-widget-text-editor\" data-id=\"db637e4\" data-element_type=\"widget\" data-widget_type=\"text-editor.default\">\n\t\t\t\t\t\t\t\t\t<p style=\"font-weight: 400;\"><b><strong style=\"font-style: inherit;\"><span style=\"font-style: inherit; font-weight: inherit;\">Technologia\u00a0<i><em style=\"font-weight: inherit;\">mainframe<\/em><\/i>\u00a0(wsp\u00f3\u0142praca z firm\u0105 IBM)<br \/><\/span><\/strong><\/b><\/p><p style=\"font-weight: 400;\"><span style=\"font-style: inherit; font-weight: inherit;\">W ramach wsp\u00f3\u0142pracy z <strong>firm\u0105 IBM<\/strong> organizowane s\u0105 dla student\u00f3w kursy dotycz\u0105ce technologii\u00a0<i><em style=\"font-weight: inherit;\">mainframe<\/em><\/i>. Kursy s\u0105 prowadzone <strong>co roku dla 20 student\u00f3w w wymiarze 192 godzin.<\/strong> Obejmuj\u0105 zaj\u0119cia z\u00a0obs\u0142ugi i administracji komputer\u00f3w\u00a0<i><em style=\"font-weight: inherit;\">mainframe<\/em><\/i>, stanowi\u0105cych podstaw\u0119 funkcjonowania biznesowego bank\u00f3w, korporacji i agencji rz\u0105dowych. Uczestnictwo w kursach pozwala na <strong>podniesienie kwalifikacji merytorycznych<\/strong> naszych absolwent\u00f3w na rynku pracy, potwierdzonych uzyskanymi w ramach kurs\u00f3w certyfikatami. Uko\u0144czenie kurs\u00f3w daje obiektywne <strong>szanse na ciekaw\u0105 i\u00a0dobrze p\u0142atn\u0105 prac\u0119,<\/strong> co potwierdzaj\u0105 zdobyte przez sze\u015b\u0107 lat do\u015bwiadczenia. Absolwenci Wydzia\u0142u po uko\u0144czeniu kurs\u00f3w <strong>IBM<\/strong> pracuj\u0105 w Ministerstwie Sprawiedliwo\u015bci, Ministerstwie Spraw Wewn\u0119trznych i Administracji, w Banku PKO BP, w IBM Polska i kilku innych firmach (CapGemini, ZETO-Rzesz\u00f3w). Wydzia\u0142 Elektrotechniki i Informatyki Politechniki Rzeszowskiej <strong>jako jedyny w\u00a0Polsce<\/strong> oferuje swoim studentom mo\u017cliwo\u015b\u0107 uczestnictwa w takich kursach.<\/span><\/p>\t\t\t\t\t\t\t\t<\/div>\n\t\t\t\t<\/div>\n\t\t\t\t\t<\/div>\n\t\t\t\t<\/div>\n\t\t<div class=\"elementor-element elementor-element-b0061d2 e-flex e-con-boxed e-con e-parent\" data-id=\"b0061d2\" data-element_type=\"container\">\n\t\t\t\t\t<div class=\"e-con-inner\">\n\t\t\t\t\t<\/div>\n\t\t\t\t<\/div>\n\t\t\t\t<\/div>","protected":false},"excerpt":{"rendered":"<p>Kurs IBM Technologia\u00a0mainframe\u00a0(wsp\u00f3\u0142praca z firm\u0105 IBM) W ramach wsp\u00f3\u0142pracy z firm\u0105 IBM organizowane s\u0105 dla student\u00f3w kursy dotycz\u0105ce technologii\u00a0mainframe. Kursy s\u0105 prowadzone co roku dla 20 student\u00f3w w wymiarze 192 godzin. Obejmuj\u0105 zaj\u0119cia z\u00a0obs\u0142ugi i administracji komputer\u00f3w\u00a0mainframe, stanowi\u0105cych podstaw\u0119 funkcjonowania biznesowego bank\u00f3w, korporacji i agencji rz\u0105dowych. Uczestnictwo w kursach pozwala na podniesienie kwalifikacji merytorycznych naszych [&hellip;]<\/p>","protected":false},"author":1,"featured_media":0,"parent":123,"menu_order":0,"comment_status":"closed","ping_status":"closed","template":"","meta":{"site-sidebar-layout":"no-sidebar","site-content-layout":"","ast-site-content-layout":"full-width-container","site-content-style":"default","site-sidebar-style":"default","ast-global-header-display":"","ast-banner-title-visibility":"","ast-main-header-display":"","ast-hfb-above-header-display":"","ast-hfb-below-header-display":"","ast-hfb-mobile-header-display":"","site-post-title":"disabled","ast-breadcrumbs-content":"","ast-featured-img":"disabled","footer-sml-layout":"","ast-disable-related-posts":"","theme-transparent-header-meta":"","adv-header-id-meta":"","stick-header-meta":"","header-above-stick-meta":"","header-main-stick-meta":"","header-below-stick-meta":"","astra-migrate-meta-layouts":"default","ast-page-background-enabled":"default","ast-page-background-meta":{"desktop":{"background-color":"var(--ast-global-color-5)","background-image":"","background-repeat":"repeat","background-position":"center center","background-size":"auto","background-attachment":"scroll","background-type":"","background-media":"","overlay-type":"","overlay-color":"","overlay-opacity":"","overlay-gradient":""},"tablet":{"background-color":"","background-image":"","background-repeat":"repeat","background-position":"center center","background-size":"auto","background-attachment":"scroll","background-type":"","background-media":"","overlay-type":"","overlay-color":"","overlay-opacity":"","overlay-gradient":""},"mobile":{"background-color":"","background-image":"","background-repeat":"repeat","background-position":"center center","background-size":"auto","background-attachment":"scroll","background-type":"","background-media":"","overlay-type":"","overlay-color":"","overlay-opacity":"","overlay-gradient":""}},"ast-content-background-meta":{"desktop":{"background-color":"var(--ast-global-color-4)","background-image":"","background-repeat":"repeat","background-position":"center center","background-size":"auto","background-attachment":"scroll","background-type":"","background-media":"","overlay-type":"","overlay-color":"","overlay-opacity":"","overlay-gradient":""},"tablet":{"background-color":"var(--ast-global-color-4)","background-image":"","background-repeat":"repeat","background-position":"center center","background-size":"auto","background-attachment":"scroll","background-type":"","background-media":"","overlay-type":"","overlay-color":"","overlay-opacity":"","overlay-gradient":""},"mobile":{"background-color":"var(--ast-global-color-4)","background-image":"","background-repeat":"repeat","background-position":"center center","background-size":"auto","background-attachment":"scroll","background-type":"","background-media":"","overlay-type":"","overlay-color":"","overlay-opacity":"","overlay-gradient":""}},"footnotes":""},"class_list":["post-340","page","type-page","status-publish","hentry"],"rttpg_featured_image_url":null,"rttpg_author":{"display_name":"kia@goldenwebs.pl","author_link":"https:\/\/kia.prz.edu.pl\/en\/author\/kiagoldenwebs-pl\/"},"rttpg_comment":0,"rttpg_category":null,"rttpg_excerpt":"Kurs IBM Technologia\u00a0mainframe\u00a0(wsp\u00f3\u0142praca z firm\u0105 IBM) W ramach wsp\u00f3\u0142pracy z firm\u0105 IBM organizowane s\u0105 dla student\u00f3w kursy dotycz\u0105ce technologii\u00a0mainframe. Kursy s\u0105 prowadzone co roku dla 20 student\u00f3w w wymiarze 192 godzin. Obejmuj\u0105 zaj\u0119cia z\u00a0obs\u0142ugi i administracji komputer\u00f3w\u00a0mainframe, stanowi\u0105cych podstaw\u0119 funkcjonowania biznesowego bank\u00f3w, korporacji i agencji rz\u0105dowych. Uczestnictwo w kursach pozwala na podniesienie kwalifikacji merytorycznych naszych&hellip;","_links":{"self":[{"href":"https:\/\/kia.prz.edu.pl\/en\/wp-json\/wp\/v2\/pages\/340","targetHints":{"allow":["GET"]}}],"collection":[{"href":"https:\/\/kia.prz.edu.pl\/en\/wp-json\/wp\/v2\/pages"}],"about":[{"href":"https:\/\/kia.prz.edu.pl\/en\/wp-json\/wp\/v2\/types\/page"}],"author":[{"embeddable":true,"href":"https:\/\/kia.prz.edu.pl\/en\/wp-json\/wp\/v2\/users\/1"}],"replies":[{"embeddable":true,"href":"https:\/\/kia.prz.edu.pl\/en\/wp-json\/wp\/v2\/comments?post=340"}],"version-history":[{"count":11,"href":"https:\/\/kia.prz.edu.pl\/en\/wp-json\/wp\/v2\/pages\/340\/revisions"}],"predecessor-version":[{"id":1510,"href":"https:\/\/kia.prz.edu.pl\/en\/wp-json\/wp\/v2\/pages\/340\/revisions\/1510"}],"up":[{"embeddable":true,"href":"https:\/\/kia.prz.edu.pl\/en\/wp-json\/wp\/v2\/pages\/123"}],"wp:attachment":[{"href":"https:\/\/kia.prz.edu.pl\/en\/wp-json\/wp\/v2\/media?parent=340"}],"curies":[{"name":"wp","href":"https:\/\/api.w.org\/{rel}","templated":true}]}}