{"id":416,"date":"2025-11-08T10:33:23","date_gmt":"2025-11-08T09:33:23","guid":{"rendered":"https:\/\/n.kia.prz.edu.pl\/?page_id=416"},"modified":"2025-11-20T20:21:34","modified_gmt":"2025-11-20T19:21:34","slug":"deklaracja-dostepnosci","status":"publish","type":"page","link":"https:\/\/kia.prz.edu.pl\/en\/deklaracja-dostepnosci\/","title":{"rendered":"Accessibility Statement"},"content":{"rendered":"<div data-elementor-type=\"wp-page\" data-elementor-id=\"416\" class=\"elementor elementor-416\">\n\t\t\t\t<div class=\"elementor-element elementor-element-6f198f2 e-flex e-con-boxed e-con e-parent\" data-id=\"6f198f2\" data-element_type=\"container\">\n\t\t\t\t\t<div class=\"e-con-inner\">\n\t\t\t\t<div class=\"elementor-element elementor-element-1504c59 elementor-widget elementor-widget-heading\" data-id=\"1504c59\" data-element_type=\"widget\" data-widget_type=\"heading.default\">\n\t\t\t\t\t<h2 class=\"elementor-heading-title elementor-size-default\">Accessibility Statement<\/h2>\t\t\t\t<\/div>\n\t\t\t\t<div class=\"elementor-element elementor-element-e386d20 elementor-widget-divider--view-line elementor-widget elementor-widget-divider\" data-id=\"e386d20\" data-element_type=\"widget\" data-widget_type=\"divider.default\">\n\t\t\t\t\t\t\t<div class=\"elementor-divider\">\n\t\t\t<span class=\"elementor-divider-separator\">\n\t\t\t\t\t\t<\/span>\n\t\t<\/div>\n\t\t\t\t\t\t<\/div>\n\t\t\t\t\t<\/div>\n\t\t\t\t<\/div>\n\t\t<div class=\"elementor-element elementor-element-e9fb6df e-flex e-con-boxed e-con e-parent\" data-id=\"e9fb6df\" data-element_type=\"container\">\n\t\t\t\t\t<div class=\"e-con-inner\">\n\t\t<div class=\"elementor-element elementor-element-73af779 e-con-full e-flex e-con e-child\" data-id=\"73af779\" data-element_type=\"container\">\n\t\t\t\t<div class=\"elementor-element elementor-element-35cde51 elementor-widget elementor-widget-text-editor\" data-id=\"35cde51\" data-element_type=\"widget\" data-widget_type=\"text-editor.default\">\n\t\t\t\t\t\t\t\t\t<section id=\"a11y-wstep\"><p><span id=\"a11y-podmiot\">Politechnika Rzeszowska im. Ignacego \u0141ukasiewicza<\/span>\u00a0zobowi\u0105zuje si\u0119 zapewni\u0107 dost\u0119pno\u015b\u0107 swojej\u00a0<span id=\"a11y-zakres\">strony internetowej\u00a0<\/span>zgodnie z ustaw\u0105 z dnia 4 kwietnia 2019 r. o dost\u0119pno\u015bci cyfrowej stron internetowych i aplikacji mobilnych podmiot\u00f3w publicznych.<\/p><p>Deklaracja dost\u0119pno\u015bci dotyczy strony\u00a0<a id=\"a11y-url\" href=\"http:\/\/kia.prz.edu.pl\/en\/\">https:\/\/kia.prz.edu.pl<\/a>.<\/p><\/section><p>Data publikacji strony internetowej:\u00a0<time id=\"a11y-data-publikacja\" datetime=\"2013-03-20\">20 marca 2013.<\/time><\/p><p>Data ostatniej istotnej aktualizacji:\u00a0<time id=\"a11y-data-aktualizacja\" datetime=\"2013-03-20\">20 listopada 2025.<\/time><\/p><h2>Stan dost\u0119pno\u015bci cyfrowej<\/h2><p id=\"a11y-status\">Strona internetowa jest\u00a0<strong>cz\u0119\u015bciowo zgodna\u00a0<\/strong>z za\u0142\u0105cznikiem do ustawy z dnia 4 kwietnia 2019 r. o dost\u0119pno\u015bci cyfrowej stron internetowych i aplikacji mobilnych podmiot\u00f3w publicznych z powodu niezgodno\u015bci lub wy\u0142\u0105cze\u0144 wymienionych poni\u017cej. G\u0142\u00f3wne niezgodno\u015bci lub wy\u0142\u0105czenia:<\/p><ul><li>brak poprawnie zdefiniowanych nag\u0142\u00f3wk\u00f3w tabel,<\/li><li>nie wszystkie dokumenty udost\u0119pnione do pobrania s\u0105 dost\u0119pne cyfrowo,<\/li><li>brak napis\u00f3w w udost\u0119pnianych filmach.<\/li><li data-start=\"1095\" data-end=\"1174\">brak pe\u0142nych opis\u00f3w alternatywnych dla niekt\u00f3rych obraz\u00f3w,<\/li><li data-start=\"1095\" data-end=\"1174\">brak mo\u017cliwo\u015bci pe\u0142nej nawigacji za pomoc\u0105 samej klawiatury,<\/li><li data-start=\"1095\" data-end=\"1174\">brak wystarczaj\u0105cego kontrastu kolor\u00f3w tekstu i t\u0142a.<\/li><\/ul><h2>Przygotowanie deklaracji dost\u0119pno\u015bci i jej aktualizacja<\/h2><p>Data sporz\u0105dzenia deklaracji:\u00a0<time id=\"a11y-data-sporzadzenie\" datetime=\"2020-09-22\">22 wrze\u015bnia 2020.<\/time><\/p><p>Data ostatniego przegl\u0105du deklaracji 12<time id=\"a11y-data-przeglad\" datetime=\"2025-02-12\">\u00a0 lutego 2025.<\/time><\/p><p>Deklaracj\u0119 sporz\u0105dzono na podstawie samooceny.<\/p><h2>Skr\u00f3ty klawiszowe<\/h2><p>Na stronie internetowej mo\u017cna korzysta\u0107 ze standardowych skr\u00f3t\u00f3w klawiszowych.<\/p><h2>Informacje zwrotne i dane kontaktowe<\/h2><p>Wszystkie problemy z dost\u0119pno\u015bci\u0105 cyfrow\u0105 tej strony internetowej nale\u017cy zg\u0142osi\u0107 do\u00a0<span id=\"a11y-kontakt\">Anny Szczepek<\/span>: e-mail\u00a0<a id=\"a11y-email\" href=\"mailto:aniasz@prz.edu.pl\">aniasz@prz.edu.pl<\/a>\u00a0lub telefonicznie\u00a0<a id=\"a11y-telefon\" href=\"tel:+48177432217\">17 743 2217<\/a>.<\/p><p>Ka\u017cdy ma prawo wyst\u0105pi\u0107 z \u017c\u0105daniem zapewnienia dost\u0119pno\u015bci cyfrowej tej strony internetowej lub jej element\u00f3w.<\/p><p>Zg\u0142aszaj\u0105c takie \u017c\u0105danie nale\u017cy poda\u0107:<\/p><ul><li>swoje imi\u0119 i nazwisko,<\/li><li>swoje dane kontaktowe (np. numer telefonu, e-mail),<\/li><li>dok\u0142adny adres strony internetowej, na kt\u00f3rej jest niedost\u0119pny cyfrowo element lub tre\u015b\u0107,<\/li><li>opis, na czym polega problem i jaki spos\u00f3b jego rozwi\u0105zania by\u0142by najwygodniejszy.<\/li><\/ul><p>Na zg\u0142oszenie odpowiemy najszybciej jak to mo\u017cliwe, nie p\u00f3\u017aniej ni\u017c w ci\u0105gu 7 dni od jego otrzymania.<\/p><p>Je\u017celi ten termin b\u0119dzie dla nas zbyt kr\u00f3tki poinformujemy o tym. Podamy nowy termin, do kt\u00f3rego poprawimy zg\u0142oszone b\u0142\u0119dy lub przygotujemy informacje w alternatywny spos\u00f3b. Ten nowy termin nie b\u0119dzie d\u0142u\u017cszy ni\u017c 2 miesi\u0105ce.<\/p><p>Je\u017celi nie b\u0119dziemy w stanie zapewni\u0107 dost\u0119pno\u015bci cyfrowej strony internetowej lub tre\u015bci, wskazanej w \u017c\u0105daniu, zaproponujemy dost\u0119p do nich w alternatywny spos\u00f3b.<\/p><section id=\"a11y-procedura\"><h2>Obs\u0142uga wniosk\u00f3w i skarg zwi\u0105zanych z dost\u0119pno\u015bci\u0105<\/h2><p>Je\u017celi w odpowiedzi na wniosek o zapewnienie dost\u0119pno\u015bci cyfrowej, odm\u00f3wimy zapewnienia \u017c\u0105danej dost\u0119pno\u015bci cyfrowej, a wnioskodawca nie zgadza si\u0119 z t\u0105 odmow\u0105, ma prawo z\u0142o\u017cy\u0107 skarg\u0119.<\/p><p>Prawo do z\u0142o\u017cenia skargi przys\u0142uguje tak\u017ce, je\u015bli wnioskodawca nie zgadza si\u0119 na skorzystanie z alternatywnego sposobu dost\u0119pu, kt\u00f3ry zaproponowali\u015bmy w odpowiedzi na wniosek o zapewnienie dost\u0119pno\u015bci cyfrowej.<\/p><p>Ewentualn\u0105 skarg\u0119 nale\u017cy z\u0142o\u017cy\u0107 listownie lub mailem do koordynatora dost\u0119pno\u015bci w Politechnice Rzeszowskiej:<\/p><p>Artur Majcher<br \/>Politechnika Rzeszowska im. Ignacego \u0141ukasiewicza<br \/>al. Powsta\u0144c\u00f3w Warszawy 12<br \/>35-959 Rzesz\u00f3w<\/p><p>e-mail:\u00a0<a href=\"mailto:dostepnosc@prz.edu.pl\">dostepnosc@prz.edu.pl<\/a>.<\/p><p>Pomocne mog\u0105 by\u0107 informacje, kt\u00f3re mo\u017cna znale\u017a\u0107 na rz\u0105dowym\u00a0<a href=\"https:\/\/www.gov.pl\/web\/gov\/zloz-wniosek-o-zapewnieniedostepnosci-cyfrowej-strony-internetowej-lub-aplikacji-mobilnej\">portalu gov.pl<\/a>.<\/p><p>Mo\u017cna tak\u017ce poinformowa\u0107 o tej sytuacji\u00a0<a href=\"https:\/\/bip.brpo.gov.pl\/\">Rzecznika Praw Obywatelskich<\/a>\u00a0i poprosi\u0107 o interwencj\u0119 w zg\u0142oszonej sprawie.<\/p><\/section><h2>Pozosta\u0142e informacje<\/h2><section id=\"a11y-aplikacje\"><h3>Aplikacje mobilne<\/h3><p>Politechnika Rzeszowska umo\u017cliwia korzystanie z aplikacji Mobilny USOS:<\/p><ul><li><a href=\"https:\/\/play.google.com\/store\/apps\/details?id=pl.edu.prz.mobilny\">pobierz<\/a>\u00a0wersj\u0119 dla systemu Android &#8211;\u00a0<a href=\"https:\/\/usos.prz.edu.pl\/kontroler.php?_action=dodatki\/mobilny_usos\/deklaracjaDostepnosci&amp;app=android\">deklaracja dost\u0119pno\u015bci aplikacji<\/a>;<\/li><li><a href=\"https:\/\/apps.apple.com\/pl\/app\/mobilny-usos-prz\/id1516903086?l=pl\">pobierz<\/a>\u00a0wersj\u0119 dla systemu iOS &#8211;\u00a0<a href=\"https:\/\/usos.prz.edu.pl\/kontroler.php?_action=dodatki\/mobilny_usos\/deklaracjaDostepnosci&amp;app=iOS\">deklaracja dost\u0119pno\u015bci aplikacji<\/a>.<\/li><\/ul><\/section><section id=\"a11y-architektura\"><h3>Dost\u0119pno\u015b\u0107 architektoniczna<\/h3><p><a id=\"a11y-architektura-url\" href=\"https:\/\/dostepnosc.prz.edu.pl\/dostepnosc-architektoniczna\">Szczeg\u00f3\u0142owy opis dostosowania budynk\u00f3w Politechniki Rzeszowskiej.<\/a><\/p><\/section><section id=\"a11y-komunikacja\"><h3>Dost\u0119pno\u015b\u0107 informacyjno-komunikacyjna<\/h3><p>Politechnika Rzeszowska zapewnia osobom ze szczeg\u00f3lnymi potrzebami nast\u0119puj\u0105ce \u015brodki wspomagaj\u0105ce komunikacj\u0119:<\/p><ul><li>kontakt telefoniczny (stacjonarny w godzinach pracy uczelni, kom\u00f3rkowy);<\/li><li>kontakt korespondencyjny (poczt\u0105 tradycyjn\u0105, e-mailow\u0105);<\/li><li>przesy\u0142anie wiadomo\u015bci tekstowych, w tym wiadomo\u015bci SMS, MMS, poprzez komunikatory internetowe;<\/li><li>przesy\u0142anie faks\u00f3w;<\/li><li>wykorzystanie t\u0142umacza polskiego j\u0119zyka migowego przez stron\u0119 internetow\u0105 (<a href=\"https:\/\/tlumacz.migam.org\/politechnika_rzeszowska\">t\u0142umacz online<\/a>) w godzinach pracy uczelni.<\/li><\/ul><p>Politechnika Rzeszowska posiada urz\u0105dzenia do obs\u0142ugi os\u00f3b s\u0142abos\u0142ysz\u0105cych \u2013 p\u0119tle indukcyjne zamontowane w ni\u017cej wymienionych lokalizacjach:<\/p><ol><li>Budynek V (al. Powsta\u0144c\u00f3w Warszawy 12):<ul><li>sala wyk\u0142adowa V-2;<\/li><\/ul><\/li><li>Budynek A (ul. W. Pola 2):<ul><li>pomieszczenie dziekanatu A-107;<\/li><li>aula A-61;<\/li><\/ul><\/li><li>Budynek P (ul. Pozna\u0144ska 2):<ul><li>pomieszczenie dziekanatu P-136;<\/li><li>sala wyk\u0142adowa P-2;<\/li><li>sala wyk\u0142adowa P-15;<\/li><\/ul><\/li><li>Budynek H (al. Powsta\u0144c\u00f3w Warszawy 6):<ul><li>sala wyk\u0142adowa H-8;<\/li><li>sala konferencyjna Wydzia\u0142u Chemicznego;<\/li><\/ul><\/li><li>Budynek S (al. Powsta\u0144c\u00f3w Warszawy 10):<ul><li>pomieszczenie dziekanatu S-14;<\/li><li>sala wyk\u0142adowa S-1;<\/li><\/ul><\/li><li>Budynek L (al. Powsta\u0144c\u00f3w Warszawy 8):<ul><li>pomieszczenie dziekanatu L-100;<\/li><li>pomieszczenie dziekanatu L-120.<\/li><\/ul><\/li><\/ol><p><a href=\"https:\/\/prz.edu.pl\/uczelnia\/dzialania-na-rzecz-poprawy-zapewniania-dostepnosci\/o-politechnice-rzeszowskiej---tekst-latwy-do-czytania-etr\">Informacje o Politechnice Rzeszowskiej w tek\u015bcie \u0142atwym do czytania i rozumienia (ETR).<\/a><\/p><\/section>\t\t\t\t\t\t\t\t<\/div>\n\t\t\t\t<\/div>\n\t\t\t\t\t<\/div>\n\t\t\t\t<\/div>\n\t\t<div class=\"elementor-element elementor-element-393bee2 e-flex e-con-boxed e-con e-parent\" data-id=\"393bee2\" data-element_type=\"container\">\n\t\t\t\t\t<div class=\"e-con-inner\">\n\t\t\t\t\t<\/div>\n\t\t\t\t<\/div>\n\t\t\t\t<\/div>","protected":false},"excerpt":{"rendered":"<p>Deklaracja dost\u0119pno\u015bci Politechnika Rzeszowska im. Ignacego \u0141ukasiewicza\u00a0zobowi\u0105zuje si\u0119 zapewni\u0107 dost\u0119pno\u015b\u0107 swojej\u00a0strony internetowej\u00a0zgodnie z ustaw\u0105 z dnia 4 kwietnia 2019 r. o dost\u0119pno\u015bci cyfrowej stron internetowych i aplikacji mobilnych podmiot\u00f3w publicznych. Deklaracja dost\u0119pno\u015bci dotyczy strony\u00a0https:\/\/kia.prz.edu.pl. Data publikacji strony internetowej:\u00a020 marca 2013. Data ostatniej istotnej aktualizacji:\u00a020 listopada 2025. Stan dost\u0119pno\u015bci cyfrowej Strona internetowa jest\u00a0cz\u0119\u015bciowo zgodna\u00a0z za\u0142\u0105cznikiem do [&hellip;]<\/p>","protected":false},"author":1,"featured_media":0,"parent":0,"menu_order":0,"comment_status":"closed","ping_status":"closed","template":"","meta":{"site-sidebar-layout":"no-sidebar","site-content-layout":"","ast-site-content-layout":"full-width-container","site-content-style":"default","site-sidebar-style":"default","ast-global-header-display":"","ast-banner-title-visibility":"","ast-main-header-display":"","ast-hfb-above-header-display":"","ast-hfb-below-header-display":"","ast-hfb-mobile-header-display":"","site-post-title":"disabled","ast-breadcrumbs-content":"","ast-featured-img":"disabled","footer-sml-layout":"","ast-disable-related-posts":"","theme-transparent-header-meta":"","adv-header-id-meta":"","stick-header-meta":"","header-above-stick-meta":"","header-main-stick-meta":"","header-below-stick-meta":"","astra-migrate-meta-layouts":"default","ast-page-background-enabled":"default","ast-page-background-meta":{"desktop":{"background-color":"var(--ast-global-color-5)","background-image":"","background-repeat":"repeat","background-position":"center center","background-size":"auto","background-attachment":"scroll","background-type":"","background-media":"","overlay-type":"","overlay-color":"","overlay-opacity":"","overlay-gradient":""},"tablet":{"background-color":"","background-image":"","background-repeat":"repeat","background-position":"center center","background-size":"auto","background-attachment":"scroll","background-type":"","background-media":"","overlay-type":"","overlay-color":"","overlay-opacity":"","overlay-gradient":""},"mobile":{"background-color":"","background-image":"","background-repeat":"repeat","background-position":"center center","background-size":"auto","background-attachment":"scroll","background-type":"","background-media":"","overlay-type":"","overlay-color":"","overlay-opacity":"","overlay-gradient":""}},"ast-content-background-meta":{"desktop":{"background-color":"var(--ast-global-color-4)","background-image":"","background-repeat":"repeat","background-position":"center center","background-size":"auto","background-attachment":"scroll","background-type":"","background-media":"","overlay-type":"","overlay-color":"","overlay-opacity":"","overlay-gradient":""},"tablet":{"background-color":"var(--ast-global-color-4)","background-image":"","background-repeat":"repeat","background-position":"center center","background-size":"auto","background-attachment":"scroll","background-type":"","background-media":"","overlay-type":"","overlay-color":"","overlay-opacity":"","overlay-gradient":""},"mobile":{"background-color":"var(--ast-global-color-4)","background-image":"","background-repeat":"repeat","background-position":"center center","background-size":"auto","background-attachment":"scroll","background-type":"","background-media":"","overlay-type":"","overlay-color":"","overlay-opacity":"","overlay-gradient":""}},"footnotes":""},"class_list":["post-416","page","type-page","status-publish","hentry"],"rttpg_featured_image_url":null,"rttpg_author":{"display_name":"kia@goldenwebs.pl","author_link":"https:\/\/kia.prz.edu.pl\/en\/author\/kiagoldenwebs-pl\/"},"rttpg_comment":0,"rttpg_category":null,"rttpg_excerpt":"Deklaracja dost\u0119pno\u015bci Politechnika Rzeszowska im. Ignacego \u0141ukasiewicza\u00a0zobowi\u0105zuje si\u0119 zapewni\u0107 dost\u0119pno\u015b\u0107 swojej\u00a0strony internetowej\u00a0zgodnie z ustaw\u0105 z dnia 4 kwietnia 2019 r. o dost\u0119pno\u015bci cyfrowej stron internetowych i aplikacji mobilnych podmiot\u00f3w publicznych. Deklaracja dost\u0119pno\u015bci dotyczy strony\u00a0https:\/\/kia.prz.edu.pl. Data publikacji strony internetowej:\u00a020 marca 2013. Data ostatniej istotnej aktualizacji:\u00a020 listopada 2025. Stan dost\u0119pno\u015bci cyfrowej Strona internetowa jest\u00a0cz\u0119\u015bciowo zgodna\u00a0z za\u0142\u0105cznikiem do&hellip;","_links":{"self":[{"href":"https:\/\/kia.prz.edu.pl\/en\/wp-json\/wp\/v2\/pages\/416","targetHints":{"allow":["GET"]}}],"collection":[{"href":"https:\/\/kia.prz.edu.pl\/en\/wp-json\/wp\/v2\/pages"}],"about":[{"href":"https:\/\/kia.prz.edu.pl\/en\/wp-json\/wp\/v2\/types\/page"}],"author":[{"embeddable":true,"href":"https:\/\/kia.prz.edu.pl\/en\/wp-json\/wp\/v2\/users\/1"}],"replies":[{"embeddable":true,"href":"https:\/\/kia.prz.edu.pl\/en\/wp-json\/wp\/v2\/comments?post=416"}],"version-history":[{"count":11,"href":"https:\/\/kia.prz.edu.pl\/en\/wp-json\/wp\/v2\/pages\/416\/revisions"}],"predecessor-version":[{"id":1254,"href":"https:\/\/kia.prz.edu.pl\/en\/wp-json\/wp\/v2\/pages\/416\/revisions\/1254"}],"wp:attachment":[{"href":"https:\/\/kia.prz.edu.pl\/en\/wp-json\/wp\/v2\/media?parent=416"}],"curies":[{"name":"wp","href":"https:\/\/api.w.org\/{rel}","templated":true}]}}